{"id":1935,"date":"2025-06-30T14:17:14","date_gmt":"2025-06-30T14:17:14","guid":{"rendered":"https:\/\/sgseries.com\/?page_id=1935"},"modified":"2025-06-30T14:17:15","modified_gmt":"2025-06-30T14:17:15","slug":"lutowiska-2025-wyniki","status":"publish","type":"page","link":"https:\/\/sgseries.com\/index.php\/lutowiska-2025-wyniki\/","title":{"rendered":"Lutowiska 2025 &#8211; Wyniki"},"content":{"rendered":"\n<table id=\"tablepress-7\" class=\"tablepress tablepress-id-7\">\n<thead>\n<tr class=\"row-1\">\n\t<th class=\"column-1\">Pozycja<\/th><th class=\"column-2\">Numer<\/th><th class=\"column-3\">Imi\u0119<\/th><th class=\"column-4\">Nazwisko<\/th><th class=\"column-5\">Punkt kontrolny<\/th><th class=\"column-6\">\u0141\u0105czny czas<\/th>\n<\/tr>\n<\/thead>\n<tbody class=\"row-striping row-hover\">\n<tr class=\"row-2\">\n\t<td class=\"column-1\">1<\/td><td class=\"column-2\">12<\/td><td class=\"column-3\">Piotr<\/td><td class=\"column-4\">Tobiasz<\/td><td class=\"column-5\">07. Meta (110km)<\/td><td class=\"column-6\">04:22:08\u00a0GPS<\/td>\n<\/tr>\n<tr class=\"row-3\">\n\t<td class=\"column-1\">2<\/td><td class=\"column-2\">6<\/td><td class=\"column-3\">Dominik<\/td><td class=\"column-4\">Ciurko<\/td><td class=\"column-5\">07. Meta (110km)<\/td><td class=\"column-6\">04:23:05\u00a0GPS<\/td>\n<\/tr>\n<tr class=\"row-4\">\n\t<td class=\"column-1\">3<\/td><td class=\"column-2\">34<\/td><td class=\"column-3\">\u0141ukasz<\/td><td class=\"column-4\">Piech\u00f3wka<\/td><td class=\"column-5\">07. Meta (110km)<\/td><td class=\"column-6\">04:23:46\u00a0GPS<\/td>\n<\/tr>\n<tr class=\"row-5\">\n\t<td class=\"column-1\">4<\/td><td class=\"column-2\">9<\/td><td class=\"column-3\">Krzysztof<\/td><td class=\"column-4\">Mat\u0142ok.<\/td><td class=\"column-5\">07. Meta (110km)<\/td><td class=\"column-6\">04:30:09\u00a0GPS<\/td>\n<\/tr>\n<tr class=\"row-6\">\n\t<td class=\"column-1\">5<\/td><td class=\"column-2\">33<\/td><td class=\"column-3\">Mateusz<\/td><td class=\"column-4\">Wawrzy\u0144ski<\/td><td class=\"column-5\">07. Meta (110km)<\/td><td class=\"column-6\">04:50:54\u00a0GPS<\/td>\n<\/tr>\n<tr class=\"row-7\">\n\t<td class=\"column-1\">6<\/td><td class=\"column-2\">57<\/td><td class=\"column-3\">Damian<\/td><td class=\"column-4\">Demkowicz<\/td><td class=\"column-5\">07. Meta (110km)<\/td><td class=\"column-6\">04:51:52\u00a0GPS<\/td>\n<\/tr>\n<tr class=\"row-8\">\n\t<td class=\"column-1\">7<\/td><td class=\"column-2\">49<\/td><td class=\"column-3\">Rafa\u0142<\/td><td class=\"column-4\">Rydel<\/td><td class=\"column-5\">07. Meta (110km)<\/td><td class=\"column-6\">04:53:10\u00a0GPS<\/td>\n<\/tr>\n<tr class=\"row-9\">\n\t<td class=\"column-1\">8<\/td><td class=\"column-2\">3<\/td><td class=\"column-3\">Szczepan<\/td><td class=\"column-4\">T\u0119cza<\/td><td class=\"column-5\">07. Meta (110km)<\/td><td class=\"column-6\">05:00:07\u00a0GPS<\/td>\n<\/tr>\n<tr class=\"row-10\">\n\t<td class=\"column-1\">8<\/td><td class=\"column-2\">5<\/td><td class=\"column-3\">Adam<\/td><td class=\"column-4\">Wilczak<\/td><td class=\"column-5\">07. Meta (110km)<\/td><td class=\"column-6\">05:00:07\u00a0GPS<\/td>\n<\/tr>\n<tr class=\"row-11\">\n\t<td class=\"column-1\">10<\/td><td class=\"column-2\">54<\/td><td class=\"column-3\">Wojtek<\/td><td class=\"column-4\">Kie\u0142basa<\/td><td class=\"column-5\">07. Meta (110km)<\/td><td class=\"column-6\">05:00:08\u00a0GPS<\/td>\n<\/tr>\n<tr class=\"row-12\">\n\t<td class=\"column-1\">11<\/td><td class=\"column-2\">51<\/td><td class=\"column-3\">Marcin<\/td><td class=\"column-4\">Olbrycht<\/td><td class=\"column-5\">07. Meta (110km)<\/td><td class=\"column-6\">05:02:55\u00a0GPS<\/td>\n<\/tr>\n<tr class=\"row-13\">\n\t<td class=\"column-1\">12<\/td><td class=\"column-2\">43<\/td><td class=\"column-3\">Pawe\u0142<\/td><td class=\"column-4\">Presman<\/td><td class=\"column-5\">07. Meta (110km)<\/td><td class=\"column-6\">05:04:50\u00a0GPS<\/td>\n<\/tr>\n<tr class=\"row-14\">\n\t<td class=\"column-1\">13<\/td><td class=\"column-2\">7<\/td><td class=\"column-3\">Marcin<\/td><td class=\"column-4\">Wawrzyniec<\/td><td class=\"column-5\">07. Meta (110km)<\/td><td class=\"column-6\">05:12:06\u00a0GPS<\/td>\n<\/tr>\n<tr class=\"row-15\">\n\t<td class=\"column-1\">14<\/td><td class=\"column-2\">37<\/td><td class=\"column-3\">Marcin<\/td><td class=\"column-4\">Kobak<\/td><td class=\"column-5\">07. Meta (110km)<\/td><td class=\"column-6\">05:14:57\u00a0GPS<\/td>\n<\/tr>\n<tr class=\"row-16\">\n\t<td class=\"column-1\">15<\/td><td class=\"column-2\">52<\/td><td class=\"column-3\">Juraj<\/td><td class=\"column-4\">Mo\u0161ko<\/td><td class=\"column-5\">07. Meta (110km)<\/td><td class=\"column-6\">05:22:46\u00a0GPS<\/td>\n<\/tr>\n<tr class=\"row-17\">\n\t<td class=\"column-1\">16<\/td><td class=\"column-2\">45<\/td><td class=\"column-3\">Bogus\u0142aw<\/td><td class=\"column-4\">Tu\u0142ecki<\/td><td class=\"column-5\">07. Meta (110km)<\/td><td class=\"column-6\">05:27:53\u00a0GPS<\/td>\n<\/tr>\n<tr class=\"row-18\">\n\t<td class=\"column-1\">17<\/td><td class=\"column-2\">8<\/td><td class=\"column-3\">Grzegorz<\/td><td class=\"column-4\">Mat\u0142ok<\/td><td class=\"column-5\">07. Meta (110km)<\/td><td class=\"column-6\">05:32:56\u00a0GPS<\/td>\n<\/tr>\n<tr class=\"row-19\">\n\t<td class=\"column-1\">18<\/td><td class=\"column-2\">48<\/td><td class=\"column-3\">Grzegorz<\/td><td class=\"column-4\">Krupa<\/td><td class=\"column-5\">07. Meta (110km)<\/td><td class=\"column-6\">05:40:06\u00a0GPS<\/td>\n<\/tr>\n<tr class=\"row-20\">\n\t<td class=\"column-1\">19<\/td><td class=\"column-2\">30<\/td><td class=\"column-3\">Maciej<\/td><td class=\"column-4\">Wojtala<\/td><td class=\"column-5\">07. Meta (110km)<\/td><td class=\"column-6\">05:41:10\u00a0GPS<\/td>\n<\/tr>\n<tr class=\"row-21\">\n\t<td class=\"column-1\">20<\/td><td class=\"column-2\">40<\/td><td class=\"column-3\">Remigiusz<\/td><td class=\"column-4\">Podle\u015b<\/td><td class=\"column-5\">07. Meta (110km)<\/td><td class=\"column-6\">05:42:58\u00a0GPS<\/td>\n<\/tr>\n<tr class=\"row-22\">\n\t<td class=\"column-1\">21<\/td><td class=\"column-2\">4<\/td><td class=\"column-3\">Wojciech<\/td><td class=\"column-4\">Grabiec<\/td><td class=\"column-5\">07. Meta (110km)<\/td><td class=\"column-6\">05:53:03\u00a0GPS<\/td>\n<\/tr>\n<tr class=\"row-23\">\n\t<td class=\"column-1\">22<\/td><td class=\"column-2\">13<\/td><td class=\"column-3\">Marcin<\/td><td class=\"column-4\">Kwiecie\u0144<\/td><td class=\"column-5\">07. Meta (110km)<\/td><td class=\"column-6\">05:56:02\u00a0GPS<\/td>\n<\/tr>\n<tr class=\"row-24\">\n\t<td class=\"column-1\">23<\/td><td class=\"column-2\">46<\/td><td class=\"column-3\">\u0141ukasz<\/td><td class=\"column-4\">O\u017c\u00f3g<\/td><td class=\"column-5\">07. Meta (110km)<\/td><td class=\"column-6\">05:59:38\u00a0GPS<\/td>\n<\/tr>\n<tr class=\"row-25\">\n\t<td class=\"column-1\">24<\/td><td class=\"column-2\">27<\/td><td class=\"column-3\">Andrzej<\/td><td class=\"column-4\">P\u0105czek<\/td><td class=\"column-5\">07. Meta (110km)<\/td><td class=\"column-6\">06:03:57\u00a0GPS<\/td>\n<\/tr>\n<tr class=\"row-26\">\n\t<td class=\"column-1\">25<\/td><td class=\"column-2\">10<\/td><td class=\"column-3\">Mateusz<\/td><td class=\"column-4\">Pochro\u0144<\/td><td class=\"column-5\">07. Meta (110km)<\/td><td class=\"column-6\">06:03:59\u00a0GPS<\/td>\n<\/tr>\n<tr class=\"row-27\">\n\t<td class=\"column-1\">26<\/td><td class=\"column-2\">32<\/td><td class=\"column-3\">Rafa\u0142<\/td><td class=\"column-4\">Mazurek<\/td><td class=\"column-5\">07. Meta (110km)<\/td><td class=\"column-6\">06:06:03\u00a0GPS<\/td>\n<\/tr>\n<tr class=\"row-28\">\n\t<td class=\"column-1\">27<\/td><td class=\"column-2\">25<\/td><td class=\"column-3\">Edwin<\/td><td class=\"column-4\">Kowal<\/td><td class=\"column-5\">07. Meta (110km)<\/td><td class=\"column-6\">06:12:03\u00a0GPS<\/td>\n<\/tr>\n<tr class=\"row-29\">\n\t<td class=\"column-1\">28<\/td><td class=\"column-2\">53<\/td><td class=\"column-3\">Dmitrij<\/td><td class=\"column-4\">Lorenc<\/td><td class=\"column-5\">07. Meta (110km)<\/td><td class=\"column-6\">06:31:54\u00a0GPS<\/td>\n<\/tr>\n<tr class=\"row-30\">\n\t<td class=\"column-1\">29<\/td><td class=\"column-2\">36<\/td><td class=\"column-3\">Sebastian<\/td><td class=\"column-4\">Nabo\u017cny<\/td><td class=\"column-5\">07. Meta (110km)<\/td><td class=\"column-6\">06:33:01\u00a0GPS<\/td>\n<\/tr>\n<tr class=\"row-31\">\n\t<td class=\"column-1\">30<\/td><td class=\"column-2\">50<\/td><td class=\"column-3\">Jacek<\/td><td class=\"column-4\">Obirek<\/td><td class=\"column-5\">07. Meta (110km)<\/td><td class=\"column-6\">06:33:05\u00a0GPS<\/td>\n<\/tr>\n<tr class=\"row-32\">\n\t<td class=\"column-1\">31<\/td><td class=\"column-2\">18<\/td><td class=\"column-3\">Wojciech<\/td><td class=\"column-4\">Szczupak<\/td><td class=\"column-5\">07. Meta (110km)<\/td><td class=\"column-6\">06:39:10\u00a0GPS<\/td>\n<\/tr>\n<tr class=\"row-33\">\n\t<td class=\"column-1\">32<\/td><td class=\"column-2\">58<\/td><td class=\"column-3\">Hubert<\/td><td class=\"column-4\">Zieli\u0144ski<\/td><td class=\"column-5\">07. Meta (110km)<\/td><td class=\"column-6\">06:49:57\u00a0GPS<\/td>\n<\/tr>\n<tr class=\"row-34\">\n\t<td class=\"column-1\">33<\/td><td class=\"column-2\">28<\/td><td class=\"column-3\">Jacek<\/td><td class=\"column-4\">Kuziora<\/td><td class=\"column-5\">07. Meta (110km)<\/td><td class=\"column-6\">07:07:58\u00a0GPS<\/td>\n<\/tr>\n<tr class=\"row-35\">\n\t<td class=\"column-1\">34<\/td><td class=\"column-2\">22<\/td><td class=\"column-3\">Barbara<\/td><td class=\"column-4\">Irzyk<\/td><td class=\"column-5\">07. Meta (110km)<\/td><td class=\"column-6\">07:28:42\u00a0GPS<\/td>\n<\/tr>\n<tr class=\"row-36\">\n\t<td class=\"column-1\">35<\/td><td class=\"column-2\">23<\/td><td class=\"column-3\">Piotr<\/td><td class=\"column-4\">Koryto<\/td><td class=\"column-5\">07. Meta (110km)<\/td><td class=\"column-6\">07:29:11\u00a0GPS<\/td>\n<\/tr>\n<tr class=\"row-37\">\n\t<td class=\"column-1\">36<\/td><td class=\"column-2\">11<\/td><td class=\"column-3\">Szymon<\/td><td class=\"column-4\">Za\u0142ucki<\/td><td class=\"column-5\">07. Meta (110km)<\/td><td class=\"column-6\">07:30:01\u00a0GPS<\/td>\n<\/tr>\n<tr class=\"row-38\">\n\t<td class=\"column-1\">37<\/td><td class=\"column-2\">29<\/td><td class=\"column-3\">Przemys\u0142aw<\/td><td class=\"column-4\">Misztal<\/td><td class=\"column-5\">07. Meta (110km)<\/td><td class=\"column-6\">07:37:04\u00a0GPS<\/td>\n<\/tr>\n<tr class=\"row-39\">\n\t<td class=\"column-1\">38<\/td><td class=\"column-2\">14<\/td><td class=\"column-3\">Konrad<\/td><td class=\"column-4\">Tadla<\/td><td class=\"column-5\">07. Meta (110km)<\/td><td class=\"column-6\">07:37:08\u00a0GPS<\/td>\n<\/tr>\n<tr class=\"row-40\">\n\t<td class=\"column-1\">39<\/td><td class=\"column-2\">38<\/td><td class=\"column-3\">Micha\u0142<\/td><td class=\"column-4\">Pawlik<\/td><td class=\"column-5\">07. Meta (110km)<\/td><td class=\"column-6\">07:54:11\u00a0GPS<\/td>\n<\/tr>\n<tr class=\"row-41\">\n\t<td class=\"column-1\">40<\/td><td class=\"column-2\">26<\/td><td class=\"column-3\">\u0141ukasz<\/td><td class=\"column-4\">Furman<\/td><td class=\"column-5\">07. Meta (110km)<\/td><td class=\"column-6\">08:23:00\u00a0GPS<\/td>\n<\/tr>\n<tr class=\"row-42\">\n\t<td class=\"column-1\">41<\/td><td class=\"column-2\">42<\/td><td class=\"column-3\">Kamil<\/td><td class=\"column-4\">Kucab<\/td><td class=\"column-5\">07. Meta (110km)<\/td><td class=\"column-6\">08:30:11\u00a0GPS<\/td>\n<\/tr>\n<tr class=\"row-43\">\n\t<td class=\"column-1\">42<\/td><td class=\"column-2\">35<\/td><td class=\"column-3\">Maciej<\/td><td class=\"column-4\">B\u0119ben<\/td><td class=\"column-5\">07. Meta (110km)<\/td><td class=\"column-6\">08:58:06\u00a0GPS<\/td>\n<\/tr>\n<tr class=\"row-44\">\n\t<td class=\"column-1\">43<\/td><td class=\"column-2\">20<\/td><td class=\"column-3\">Pawe\u0142<\/td><td class=\"column-4\">Tarkowski<\/td><td class=\"column-5\">07. Meta (110km)<\/td><td class=\"column-6\">09:25:50\u00a0GPS<\/td>\n<\/tr>\n<tr class=\"row-45\">\n\t<td class=\"column-1\">44<\/td><td class=\"column-2\">17<\/td><td class=\"column-3\">Pawe\u0142<\/td><td class=\"column-4\">Pype\u0107<\/td><td class=\"column-5\">07. Meta (110km)<\/td><td class=\"column-6\">09:26:51\u00a0GPS<\/td>\n<\/tr>\n<tr class=\"row-46\">\n\t<td class=\"column-1\">45<\/td><td class=\"column-2\">55<\/td><td class=\"column-3\">Antoni<\/td><td class=\"column-4\">Klich<\/td><td class=\"column-5\">07. Meta (110km)<\/td><td class=\"column-6\">09:33:49\u00a0GPS<\/td>\n<\/tr>\n<tr class=\"row-47\">\n\t<td class=\"column-1\">46<\/td><td class=\"column-2\">56<\/td><td class=\"column-3\">Maciej<\/td><td class=\"column-4\">Klich<\/td><td class=\"column-5\">07. Meta (110km)<\/td><td class=\"column-6\">09:33:50\u00a0GPS<\/td>\n<\/tr>\n<tr class=\"row-48\">\n\t<td class=\"column-1\">47<\/td><td class=\"column-2\">21<\/td><td class=\"column-3\">Arkadiusz<\/td><td class=\"column-4\">Sitek<\/td><td class=\"column-5\">07. Meta (110km)<\/td><td class=\"column-6\">09:34:01\u00a0GPS<\/td>\n<\/tr>\n<tr class=\"row-49\">\n\t<td class=\"column-1\">DNF<\/td><td class=\"column-2\">59<\/td><td class=\"column-3\">Damian<\/td><td class=\"column-4\">Grze\u015bkiewicz<\/td><td class=\"column-5\">02. PT Bukowiec (040km)<\/td><td class=\"column-6\">DNF<\/td>\n<\/tr>\n<tr class=\"row-50\">\n\t<td class=\"column-1\">DNF<\/td><td class=\"column-2\">24<\/td><td class=\"column-3\">Marcin<\/td><td class=\"column-4\">Baran<\/td><td class=\"column-5\">02. PT Bukowiec (040km)<\/td><td class=\"column-6\">DNF<\/td>\n<\/tr>\n<tr class=\"row-51\">\n\t<td class=\"column-1\">DNF<\/td><td class=\"column-2\">2<\/td><td class=\"column-3\">Krystian<\/td><td class=\"column-4\">Walawender<\/td><td class=\"column-5\">01. PT (009km)<\/td><td class=\"column-6\">DNF<\/td>\n<\/tr>\n<tr class=\"row-52\">\n\t<td class=\"column-1\">DNS<\/td><td class=\"column-2\">1<\/td><td class=\"column-3\">Krzysztof<\/td><td class=\"column-4\">\u0141opata<\/td><td class=\"column-5\">00. Start (000km)<\/td><td class=\"column-6\">DNS<\/td>\n<\/tr>\n<tr class=\"row-53\">\n\t<td class=\"column-1\">DNS<\/td><td class=\"column-2\">16<\/td><td class=\"column-3\">Anna<\/td><td class=\"column-4\">So\u0142tys<\/td><td class=\"column-5\">00. Start (000km)<\/td><td class=\"column-6\">DNS<\/td>\n<\/tr>\n<tr class=\"row-54\">\n\t<td class=\"column-1\">DNS<\/td><td class=\"column-2\">19<\/td><td class=\"column-3\">Pawe\u0142<\/td><td class=\"column-4\">Cie\u015blik<\/td><td class=\"column-5\">00. Start (000km)<\/td><td class=\"column-6\">DNS<\/td>\n<\/tr>\n<tr class=\"row-55\">\n\t<td class=\"column-1\">DNS<\/td><td class=\"column-2\">31<\/td><td class=\"column-3\">Maciej<\/td><td class=\"column-4\">Wa\u0142czyk<\/td><td class=\"column-5\">00. Start (000km)<\/td><td class=\"column-6\">DNS<\/td>\n<\/tr>\n<tr class=\"row-56\">\n\t<td class=\"column-1\">DNS<\/td><td class=\"column-2\">39<\/td><td class=\"column-3\">Mi\u0142osz<\/td><td class=\"column-4\">Przepad\u0142o<\/td><td class=\"column-5\">00. Start (000km)<\/td><td class=\"column-6\">DNS<\/td>\n<\/tr>\n<tr class=\"row-57\">\n\t<td class=\"column-1\">DNS<\/td><td class=\"column-2\">41<\/td><td class=\"column-3\">Robert<\/td><td class=\"column-4\">Mo\u015bcicki<\/td><td class=\"column-5\">00. Start (000km)<\/td><td class=\"column-6\">DNS<\/td>\n<\/tr>\n<tr class=\"row-58\">\n\t<td class=\"column-1\">DNS<\/td><td class=\"column-2\">44<\/td><td class=\"column-3\">Adam<\/td><td class=\"column-4\">K\u0119dziora<\/td><td class=\"column-5\">00. Start (000km)<\/td><td class=\"column-6\">DNS<\/td>\n<\/tr>\n<tr class=\"row-59\">\n\t<td class=\"column-1\">DNS<\/td><td class=\"column-2\">47<\/td><td class=\"column-3\">S\u0142awomir<\/td><td class=\"column-4\">Bielak<\/td><td class=\"column-5\">00. Start (000km)<\/td><td class=\"column-6\">DNS<\/td>\n<\/tr>\n<tr class=\"row-60\">\n\t<td class=\"column-1\">DNS<\/td><td class=\"column-2\">15<\/td><td class=\"column-3\">Joanna<\/td><td class=\"column-4\">Dudek<\/td><td class=\"column-5\">00. Start (000km)<\/td><td class=\"column-6\">DNS<\/td>\n<\/tr>\n<\/tbody>\n<\/table>\n<!-- #tablepress-7 from cache -->","protected":false},"excerpt":{"rendered":"PozycjaNumerImi\u0119NazwiskoPunkt kontrolny\u0141\u0105czny czas 112PiotrTobiasz07. Meta (110km)04:22:08\u00a0GPS 26DominikCiurko07. Meta (110km)04:23:05\u00a0GPS 334\u0141ukaszPiech\u00f3wka07. Meta (110km)04:23:46\u00a0GPS 49KrzysztofMat\u0142ok.07. Meta (110km)04:30:09\u00a0GPS 533MateuszWawrzy\u0144ski07. Meta (110km)04:50:54\u00a0GPS 657DamianDemkowicz07. Meta (110km)04:51:52\u00a0GPS 749Rafa\u0142Rydel07. Meta (110km)04:53:10\u00a0GPS 83SzczepanT\u0119cza07. Meta (110km)05:00:07\u00a0GPS 85AdamWilczak07. Meta (110km)05:00:07\u00a0GPS 1054WojtekKie\u0142basa07. Meta (110km)05:00:08\u00a0GPS 1151MarcinOlbrycht07. Meta (110km)05:02:55\u00a0GPS 1243Pawe\u0142Presman07. Meta (110km)05:04:50\u00a0GPS 137MarcinWawrzyniec07. Meta (110km)05:12:06\u00a0GPS 1437MarcinKobak07. Meta (110km)05:14:57\u00a0GPS 1552JurajMo\u0161ko07. Meta (110km)05:22:46\u00a0GPS 1645Bogus\u0142awTu\u0142ecki07. Meta (110km)05:27:53\u00a0GPS 178GrzegorzMat\u0142ok07. Meta (110km)05:32:56\u00a0GPS 1848GrzegorzKrupa07. [...]","protected":false},"author":1,"featured_media":0,"parent":0,"menu_order":0,"comment_status":"closed","ping_status":"closed","template":"","meta":{"footnotes":""},"class_list":["post-1935","page","type-page","status-publish","hentry"],"_links":{"self":[{"href":"https:\/\/sgseries.com\/index.php\/wp-json\/wp\/v2\/pages\/1935","targetHints":{"allow":["GET"]}}],"collection":[{"href":"https:\/\/sgseries.com\/index.php\/wp-json\/wp\/v2\/pages"}],"about":[{"href":"https:\/\/sgseries.com\/index.php\/wp-json\/wp\/v2\/types\/page"}],"author":[{"embeddable":true,"href":"https:\/\/sgseries.com\/index.php\/wp-json\/wp\/v2\/users\/1"}],"replies":[{"embeddable":true,"href":"https:\/\/sgseries.com\/index.php\/wp-json\/wp\/v2\/comments?post=1935"}],"version-history":[{"count":1,"href":"https:\/\/sgseries.com\/index.php\/wp-json\/wp\/v2\/pages\/1935\/revisions"}],"predecessor-version":[{"id":1936,"href":"https:\/\/sgseries.com\/index.php\/wp-json\/wp\/v2\/pages\/1935\/revisions\/1936"}],"wp:attachment":[{"href":"https:\/\/sgseries.com\/index.php\/wp-json\/wp\/v2\/media?parent=1935"}],"curies":[{"name":"wp","href":"https:\/\/api.w.org\/{rel}","templated":true}]}}