{"id":1813,"date":"2025-04-14T13:57:12","date_gmt":"2025-04-14T13:57:12","guid":{"rendered":"https:\/\/sgseries.com\/?page_id=1813"},"modified":"2025-11-14T15:18:03","modified_gmt":"2025-11-14T15:18:03","slug":"klasyfikacja","status":"publish","type":"page","link":"https:\/\/sgseries.com\/index.php\/klasyfikacja\/","title":{"rendered":"KLASYFIKACJA I WYNIKI"},"content":{"rendered":"<div class=\"wpb-content-wrapper\"><p>[vc_row row_style=&#8221;full-width&#8221; text_style=&#8221;light&#8221; vertical_align=&#8221;middle&#8221; padding_size=&#8221;no-padding&#8221; background_color=&#8221;#232323&#8243;][vc_column text_align=&#8221;center&#8221; padding_size=&#8221;no-padding&#8221; width=&#8221;1\/2&#8243;][vc_single_image image=&#8221;1472&#8243; alignment=&#8221;center&#8221;][\/vc_column][vc_column text_style=&#8221;light&#8221; text_align=&#8221;center&#8221; padding_size=&#8221;l-padding&#8221; width=&#8221;1\/2&#8243; css=&#8221;.vc_custom_1737649616606{padding-top: 20px !important;padding-bottom: 20px !important;}&#8221;][vc_empty_space height=&#8221;10px&#8221;][vc_custom_heading text=&#8221;KLASYFIKACJA GENERALNA I WYNIKI&#8221; font_container=&#8221;tag:h2|text_align:center|color:%23ffffff&#8221; google_fonts=&#8221;font_family:Montserrat%3Aregular%2C700|font_style:700%20bold%20regular%3A700%3Anormal&#8221; text_transform=&#8221;capitalize&#8221;][vc_empty_space height=&#8221;10px&#8221;][wyde_icon_block icon=&#8221;flora-icon-zigzag-2&#8243; size=&#8221;large&#8221; style=&#8221;none&#8221; color=&#8221;#ffd300&#8243;][vc_empty_space][vc_column_text]Witamy w oficjalnej bazie wynik\u00f3w SG SERIES \u2013 cyklu wy\u015bcig\u00f3w gravelowych! Znajdziesz tu kompletne rezultaty ze wszystkich edycji, aktualizowane na bie\u017c\u0105co. Niezale\u017cnie od tego, czy jeste\u015b zawodnikiem, kibicem czy po prostu pasjonatem gravela \u2013 to miejsce stworzone z my\u015bl\u0105 o Tobie. Sprawdzaj klasyfikacje, czasy przejazd\u00f3w oraz osi\u0105gni\u0119cia uczestnik\u00f3w z ca\u0142ej Polski w jednym, przejrzystym miejscu.[\/vc_column_text][\/vc_column][\/vc_row][vc_row row_style=&#8221;full-width&#8221; vertical_align=&#8221;middle&#8221; padding_size=&#8221;no-padding&#8221;][vc_column text_style=&#8221;light&#8221; background_color=&#8221;#594b4a&#8221; bg_image_url=&#8221;http:\/\/sgseries.com\/wp-content\/uploads\/2025\/01\/c3-150&#215;150.jpg&#8221; width=&#8221;1\/4&#8243; background_image=&#8221;1528&#8243;][vc_empty_space][wyde_info_box title=&#8221;KLASYFIKACJA GENERALNA&#8221; icon_set=&#8221;fontawesome&#8221; icon_fontawesome=&#8221;fa fa-trophy&#8221; icon_size=&#8221;large&#8221; animation_delay=&#8221;0.6&#8243; animation=&#8221;bounceIn&#8221; link=&#8221;url:https%3A%2F%2Fsgseries.com%2Findex.php%2Fklasyfikacja-generalna%2F|title:Zobacz%20wyniki&#8221;]<b>Pe\u0142na klasyfikacja w jendym miejscu!<\/b>[\/wyde_info_box][vc_empty_space][\/vc_column][vc_column text_style=&#8221;light&#8221; background_color=&#8221;#ffebba&#8221; bg_image_url=&#8221;http:\/\/sgseries.com\/wp-content\/uploads\/2025\/01\/c2-150&#215;150.jpg&#8221; width=&#8221;1\/4&#8243; background_image=&#8221;1527&#8243;][vc_empty_space][wyde_info_box title=&#8221;G\u0141OG\u00d3W M\u0141P&#8221; icon_set=&#8221;fontawesome&#8221; icon_fontawesome=&#8221;fa fa-list-ol&#8221; icon_size=&#8221;large&#8221; animation_delay=&#8221;0.6&#8243; animation=&#8221;bounceIn&#8221; link=&#8221;url:https%3A%2F%2Fsgseries.com%2Findex.php%2Fglogow-malopolski-2025-wyniki%2F|title:Zobacz%20wyniki&#8221;]Wyniki z 12.04.2025[\/wyde_info_box][vc_empty_space][\/vc_column][vc_column text_style=&#8221;light&#8221; background_color=&#8221;#ffd300&#8243; bg_image_url=&#8221;http:\/\/sgseries.com\/wp-content\/uploads\/2025\/01\/c4-150&#215;150.jpg&#8221; width=&#8221;1\/4&#8243; background_image=&#8221;1529&#8243;][vc_empty_space][wyde_info_box title=&#8221;PSTR\u0104GOWA&#8221; icon_set=&#8221;fontawesome&#8221; icon_fontawesome=&#8221;fa fa-list-ol&#8221; icon_size=&#8221;large&#8221; animation_delay=&#8221;0.6&#8243; animation=&#8221;bounceIn&#8221; link=&#8221;url:https%3A%2F%2Fsgseries.com%2Findex.php%2Fpstragowa-2025-wyniki%2F|title:Zobacz%20wyniki&#8221;]Wyniki z 24.05.2025[\/wyde_info_box][vc_empty_space][\/vc_column][vc_column text_style=&#8221;light&#8221; background_color=&#8221;#f5f4f2&#8243; bg_image_url=&#8221;http:\/\/sgseries.com\/wp-content\/uploads\/2025\/01\/c5-150&#215;150.jpg&#8221; width=&#8221;1\/4&#8243; background_image=&#8221;1530&#8243;][vc_empty_space][wyde_info_box title=&#8221;LUTOWISKA&#8221; icon_set=&#8221;fontawesome&#8221; icon_fontawesome=&#8221;fa fa-list-ol&#8221; icon_size=&#8221;large&#8221; animation_delay=&#8221;0.6&#8243; animation=&#8221;bounceIn&#8221; link=&#8221;url:https%3A%2F%2Fsgseries.com%2Findex.php%2Flutowiska-2025-wyniki%2F|title:Zobacz%20wyniki&#8221;]Wyniki z 21.06.2025[\/wyde_info_box][vc_empty_space][\/vc_column][\/vc_row][vc_row row_style=&#8221;full-width&#8221; vertical_align=&#8221;middle&#8221; padding_size=&#8221;no-padding&#8221;][vc_column text_style=&#8221;light&#8221; background_color=&#8221;#594b4a&#8221; bg_image_url=&#8221;https:\/\/sgseries.com\/wp-content\/uploads\/2025\/01\/c8-150&#215;150.jpg&#8221; width=&#8221;1\/4&#8243; background_image=&#8221;1533&#8243;][vc_empty_space][wyde_info_box title=&#8221;GR\u0104ZIOWA&#8221; icon_set=&#8221;fontawesome&#8221; icon_fontawesome=&#8221;fa fa-list-ol&#8221; icon_size=&#8221;large&#8221; animation_delay=&#8221;0.6&#8243; animation=&#8221;bounceIn&#8221; link=&#8221;url:https%3A%2F%2Fsgseries.com%2Findex.php%2Fgraziowa2025-wyniki%2F|title:Zobacz%20wyniki&#8221;]Wyniki z 19.07.2025[\/wyde_info_box][vc_empty_space][\/vc_column][vc_column text_style=&#8221;light&#8221; background_color=&#8221;#ffebba&#8221; bg_image_url=&#8221;https:\/\/sgseries.com\/wp-content\/uploads\/2025\/01\/c7-150&#215;150.jpg&#8221; width=&#8221;1\/4&#8243; background_image=&#8221;1532&#8243;][vc_empty_space][wyde_info_box title=&#8221;KREMPNA&#8221; icon_set=&#8221;fontawesome&#8221; icon_fontawesome=&#8221;fa fa-list-ol&#8221; icon_size=&#8221;large&#8221; animation_delay=&#8221;0.6&#8243; animation=&#8221;bounceIn&#8221; link=&#8221;url:https%3A%2F%2Fsgseries.com%2Findex.php%2Fkrempna-2025-wyniki%2F|title:Zobacz%20wyniki&#8221;]Wyniki z 20.09.2025[\/wyde_info_box][vc_empty_space][\/vc_column][vc_column text_style=&#8221;light&#8221; background_color=&#8221;#ffd300&#8243; bg_image_url=&#8221;https:\/\/sgseries.com\/wp-content\/uploads\/2025\/01\/c6-150&#215;150.jpg&#8221; width=&#8221;1\/4&#8243; background_image=&#8221;1531&#8243;][vc_empty_space][wyde_info_box title=&#8221;EDYCJA BONUSOWA!&#8221; icon_set=&#8221;fontawesome&#8221; icon_fontawesome=&#8221;fa fa-list-ol&#8221; icon_size=&#8221;large&#8221; animation_delay=&#8221;0.6&#8243; animation=&#8221;bounceIn&#8221;]Dodatkowa edycja w Pa\u017adzierniku 2025![\/wyde_info_box][vc_empty_space][\/vc_column][vc_column text_style=&#8221;light&#8221; background_color=&#8221;#f5f4f2&#8243; bg_image_url=&#8221;https:\/\/sgseries.com\/wp-content\/uploads\/2025\/01\/c1-150&#215;150.jpg&#8221; width=&#8221;1\/4&#8243; background_image=&#8221;1526&#8243;][vc_empty_space][wyde_info_box title=&#8221;KLASYFIKACJE POBOCZNE&#8221; icon_set=&#8221;fontawesome&#8221; icon_fontawesome=&#8221;fa fa-trophy&#8221; icon_size=&#8221;large&#8221; animation_delay=&#8221;0.6&#8243; animation=&#8221;bounceIn&#8221; link=&#8221;url:https%3A%2F%2Fsgseries.com%2Findex.php%2Fklasyfikacje-poboczne%2F|title:Zobacz%20wyniki&#8221;]Dru\u017cynowa, Kobiet i M\u0119\u017cczyzn[\/wyde_info_box][vc_empty_space][\/vc_column][\/vc_row]<\/p>\n<\/div>","protected":false},"excerpt":{"rendered":"<p>[vc_row row_style=&#8221;full-width&#8221; text_style=&#8221;light&#8221; vertical_align=&#8221;middle&#8221; padding_size=&#8221;no-padding&#8221; background_color=&#8221;#232323&#8243;][vc_column text_align=&#8221;center&#8221; padding_size=&#8221;no-padding&#8221; width=&#8221;1\/2&#8243;][vc_single_image image=&#8221;1472&#8243; alignment=&#8221;center&#8221;][\/vc_column][vc_column text_style=&#8221;light&#8221; text_align=&#8221;center&#8221; padding_size=&#8221;l-padding&#8221; width=&#8221;1\/2&#8243; css=&#8221;.vc_custom_1737649616606{padding-top: 20px !important;padding-bottom: 20px !important;}&#8221;][vc_empty_space height=&#8221;10px&#8221;][vc_custom_heading text=&#8221;KLASYFIKACJA GENERALNA I WYNIKI&#8221; font_container=&#8221;tag:h2|text_align:center|color:%23ffffff&#8221; google_fonts=&#8221;font_family:Montserrat%3Aregular%2C700|font_style:700%20bold%20regular%3A700%3Anormal&#8221; text_transform=&#8221;capitalize&#8221;][vc_empty_space height=&#8221;10px&#8221;][wyde_icon_block icon=&#8221;flora-icon-zigzag-2&#8243; size=&#8221;large&#8221; style=&#8221;none&#8221; color=&#8221;#ffd300&#8243;][vc_empty_space][vc_column_text]Witamy w oficjalnej bazie wynik\u00f3w SG SERIES \u2013 cyklu wy\u015bcig\u00f3w gravelowych! Znajdziesz tu kompletne rezultaty ze wszystkich edycji, aktualizowane na bie\u017c\u0105co. Niezale\u017cnie od [&hellip;]<\/p>\n","protected":false},"author":1,"featured_media":0,"parent":0,"menu_order":0,"comment_status":"closed","ping_status":"closed","template":"","meta":{"footnotes":""},"class_list":["post-1813","page","type-page","status-publish","hentry"],"_links":{"self":[{"href":"https:\/\/sgseries.com\/index.php\/wp-json\/wp\/v2\/pages\/1813","targetHints":{"allow":["GET"]}}],"collection":[{"href":"https:\/\/sgseries.com\/index.php\/wp-json\/wp\/v2\/pages"}],"about":[{"href":"https:\/\/sgseries.com\/index.php\/wp-json\/wp\/v2\/types\/page"}],"author":[{"embeddable":true,"href":"https:\/\/sgseries.com\/index.php\/wp-json\/wp\/v2\/users\/1"}],"replies":[{"embeddable":true,"href":"https:\/\/sgseries.com\/index.php\/wp-json\/wp\/v2\/comments?post=1813"}],"version-history":[{"count":16,"href":"https:\/\/sgseries.com\/index.php\/wp-json\/wp\/v2\/pages\/1813\/revisions"}],"predecessor-version":[{"id":2046,"href":"https:\/\/sgseries.com\/index.php\/wp-json\/wp\/v2\/pages\/1813\/revisions\/2046"}],"wp:attachment":[{"href":"https:\/\/sgseries.com\/index.php\/wp-json\/wp\/v2\/media?parent=1813"}],"curies":[{"name":"wp","href":"https:\/\/api.w.org\/{rel}","templated":true}]}}