{"id":1810,"date":"2025-04-14T13:52:06","date_gmt":"2025-04-14T13:52:06","guid":{"rendered":"https:\/\/sgseries.com\/?page_id=1810"},"modified":"2025-04-14T13:52:06","modified_gmt":"2025-04-14T13:52:06","slug":"glogow-malopolski-2025-wyniki","status":"publish","type":"page","link":"https:\/\/sgseries.com\/index.php\/glogow-malopolski-2025-wyniki\/","title":{"rendered":"G\u0142og\u00f3w Ma\u0142opolski 2025 &#8211; Wyniki"},"content":{"rendered":"<div class=\"wpb-content-wrapper\"><p>[vc_row][vc_column][vc_column_text]\n<table id=\"tablepress-3\" class=\"tablepress tablepress-id-3\">\n<thead>\n<tr class=\"row-1\">\n\t<th class=\"column-1\">Pozycja<\/th><th class=\"column-2\">Numer<\/th><th class=\"column-3\">Imi\u0119<\/th><th class=\"column-4\">Nazwisko<\/th><th class=\"column-5\">\u0141\u0105czny czas<\/th>\n<\/tr>\n<\/thead>\n<tbody class=\"row-striping row-hover\">\n<tr class=\"row-2\">\n\t<td class=\"column-1\">1<\/td><td class=\"column-2\">101<\/td><td class=\"column-3\">Adam<\/td><td class=\"column-4\">\u017buber<\/td><td class=\"column-5\">03:01:57\u00a0GPS<\/td>\n<\/tr>\n<tr class=\"row-3\">\n\t<td class=\"column-1\">2<\/td><td class=\"column-2\">52<\/td><td class=\"column-3\">Rados\u0142aw<\/td><td class=\"column-4\">R\u0119kawek<\/td><td class=\"column-5\">03:05:38\u00a0GPS<\/td>\n<\/tr>\n<tr class=\"row-4\">\n\t<td class=\"column-1\">3<\/td><td class=\"column-2\">78<\/td><td class=\"column-3\">Krzysztof<\/td><td class=\"column-4\">\u0141opata<\/td><td class=\"column-5\">03:05:39\u00a0GPS<\/td>\n<\/tr>\n<tr class=\"row-5\">\n\t<td class=\"column-1\">4<\/td><td class=\"column-2\">43<\/td><td class=\"column-3\">Mateusz<\/td><td class=\"column-4\">Kupczyk<\/td><td class=\"column-5\">03:06:01\u00a0GPS<\/td>\n<\/tr>\n<tr class=\"row-6\">\n\t<td class=\"column-1\">5<\/td><td class=\"column-2\">72<\/td><td class=\"column-3\">Mateusz<\/td><td class=\"column-4\">Burda<\/td><td class=\"column-5\">03:06:05\u00a0GPS<\/td>\n<\/tr>\n<tr class=\"row-7\">\n\t<td class=\"column-1\">6<\/td><td class=\"column-2\">85<\/td><td class=\"column-3\">Bart\u0142omiej<\/td><td class=\"column-4\">Milczanowski<\/td><td class=\"column-5\">03:10:01\u00a0GPS<\/td>\n<\/tr>\n<tr class=\"row-8\">\n\t<td class=\"column-1\">7<\/td><td class=\"column-2\">44<\/td><td class=\"column-3\">Piotr<\/td><td class=\"column-4\">Tobiasz<\/td><td class=\"column-5\">03:13:09\u00a0GPS<\/td>\n<\/tr>\n<tr class=\"row-9\">\n\t<td class=\"column-1\">8<\/td><td class=\"column-2\">1<\/td><td class=\"column-3\">Konrad<\/td><td class=\"column-4\">Rak<\/td><td class=\"column-5\">03:14:00\u00a0GPS<\/td>\n<\/tr>\n<tr class=\"row-10\">\n\t<td class=\"column-1\">9<\/td><td class=\"column-2\">84<\/td><td class=\"column-3\">Micha\u0142<\/td><td class=\"column-4\">Pac<\/td><td class=\"column-5\">03:15:14\u00a0GPS<\/td>\n<\/tr>\n<tr class=\"row-11\">\n\t<td class=\"column-1\">10<\/td><td class=\"column-2\">67<\/td><td class=\"column-3\">Wiktor<\/td><td class=\"column-4\">Lesiak<\/td><td class=\"column-5\">03:16:00\u00a0GPS<\/td>\n<\/tr>\n<tr class=\"row-12\">\n\t<td class=\"column-1\">11<\/td><td class=\"column-2\">35<\/td><td class=\"column-3\">Pawe\u0142<\/td><td class=\"column-4\">Kostyra<\/td><td class=\"column-5\">03:17:53\u00a0GPS<\/td>\n<\/tr>\n<tr class=\"row-13\">\n\t<td class=\"column-1\">12<\/td><td class=\"column-2\">6<\/td><td class=\"column-3\">Szczepan<\/td><td class=\"column-4\">T\u0119cza<\/td><td class=\"column-5\">03:23:44\u00a0GPS<\/td>\n<\/tr>\n<tr class=\"row-14\">\n\t<td class=\"column-1\">13<\/td><td class=\"column-2\">34<\/td><td class=\"column-3\">Kamil<\/td><td class=\"column-4\">Kowal<\/td><td class=\"column-5\">03:25:07\u00a0GPS<\/td>\n<\/tr>\n<tr class=\"row-15\">\n\t<td class=\"column-1\">14<\/td><td class=\"column-2\">71<\/td><td class=\"column-3\">Dominik<\/td><td class=\"column-4\">Ciurko<\/td><td class=\"column-5\">03:26:41\u00a0GPS<\/td>\n<\/tr>\n<tr class=\"row-16\">\n\t<td class=\"column-1\">15<\/td><td class=\"column-2\">75<\/td><td class=\"column-3\">Mateusz<\/td><td class=\"column-4\">Wawrzy\u0144ski<\/td><td class=\"column-5\">03:29:53\u00a0GPS<\/td>\n<\/tr>\n<tr class=\"row-17\">\n\t<td class=\"column-1\">16<\/td><td class=\"column-2\">82<\/td><td class=\"column-3\">Rafa\u0142<\/td><td class=\"column-4\">Maj<\/td><td class=\"column-5\">03:31:36\u00a0GPS<\/td>\n<\/tr>\n<tr class=\"row-18\">\n\t<td class=\"column-1\">17<\/td><td class=\"column-2\">91<\/td><td class=\"column-3\">Konrad<\/td><td class=\"column-4\">Trendota<\/td><td class=\"column-5\">03:31:44\u00a0GPS<\/td>\n<\/tr>\n<tr class=\"row-19\">\n\t<td class=\"column-1\">18<\/td><td class=\"column-2\">65<\/td><td class=\"column-3\">Maciej<\/td><td class=\"column-4\">Wojtala<\/td><td class=\"column-5\">03:31:45\u00a0GPS<\/td>\n<\/tr>\n<tr class=\"row-20\">\n\t<td class=\"column-1\">19<\/td><td class=\"column-2\">73<\/td><td class=\"column-3\">Krzysztof<\/td><td class=\"column-4\">Skorupski<\/td><td class=\"column-5\">03:31:45\u00a0GPS<\/td>\n<\/tr>\n<tr class=\"row-21\">\n\t<td class=\"column-1\">20<\/td><td class=\"column-2\">88<\/td><td class=\"column-3\">Miros\u0142aw<\/td><td class=\"column-4\">Bijo\u015b<\/td><td class=\"column-5\">03:32:45\u00a0GPS<\/td>\n<\/tr>\n<tr class=\"row-22\">\n\t<td class=\"column-1\">21<\/td><td class=\"column-2\">81<\/td><td class=\"column-3\">Wojciech<\/td><td class=\"column-4\">Piek\u0142o<\/td><td class=\"column-5\">03:32:56\u00a0GPS<\/td>\n<\/tr>\n<tr class=\"row-23\">\n\t<td class=\"column-1\">22<\/td><td class=\"column-2\">11<\/td><td class=\"column-3\">Pawe\u0142<\/td><td class=\"column-4\">Presman<\/td><td class=\"column-5\">03:33:04\u00a0GPS<\/td>\n<\/tr>\n<tr class=\"row-24\">\n\t<td class=\"column-1\">23<\/td><td class=\"column-2\">70<\/td><td class=\"column-3\">Piotr<\/td><td class=\"column-4\">Gryszka<\/td><td class=\"column-5\">03:33:04\u00a0GPS<\/td>\n<\/tr>\n<tr class=\"row-25\">\n\t<td class=\"column-1\">24<\/td><td class=\"column-2\">80<\/td><td class=\"column-3\">Adam<\/td><td class=\"column-4\">Romaniuk<\/td><td class=\"column-5\">03:33:05\u00a0GPS<\/td>\n<\/tr>\n<tr class=\"row-26\">\n\t<td class=\"column-1\">25<\/td><td class=\"column-2\">3<\/td><td class=\"column-3\">Karol<\/td><td class=\"column-4\">Mazur<\/td><td class=\"column-5\">03:34:01\u00a0GPS<\/td>\n<\/tr>\n<tr class=\"row-27\">\n\t<td class=\"column-1\">26<\/td><td class=\"column-2\">95<\/td><td class=\"column-3\">Marcin<\/td><td class=\"column-4\">Magiera<\/td><td class=\"column-5\">03:34:59\u00a0GPS<\/td>\n<\/tr>\n<tr class=\"row-28\">\n\t<td class=\"column-1\">27<\/td><td class=\"column-2\">55<\/td><td class=\"column-3\">Andrzej<\/td><td class=\"column-4\">P\u0105czek<\/td><td class=\"column-5\">03:36:40\u00a0GPS<\/td>\n<\/tr>\n<tr class=\"row-29\">\n\t<td class=\"column-1\">28<\/td><td class=\"column-2\">8<\/td><td class=\"column-3\">Adam<\/td><td class=\"column-4\">Wilczak<\/td><td class=\"column-5\">03:45:52\u00a0GPS<\/td>\n<\/tr>\n<tr class=\"row-30\">\n\t<td class=\"column-1\">29<\/td><td class=\"column-2\">76<\/td><td class=\"column-3\">Piotr<\/td><td class=\"column-4\">Majewski<\/td><td class=\"column-5\">03:45:57\u00a0GPS<\/td>\n<\/tr>\n<tr class=\"row-31\">\n\t<td class=\"column-1\">30<\/td><td class=\"column-2\">12<\/td><td class=\"column-3\">Adam<\/td><td class=\"column-4\">K\u0119dziora<\/td><td class=\"column-5\">03:46:04\u00a0GPS<\/td>\n<\/tr>\n<tr class=\"row-32\">\n\t<td class=\"column-1\">31<\/td><td class=\"column-2\">100<\/td><td class=\"column-3\">Monika<\/td><td class=\"column-4\">Podos<\/td><td class=\"column-5\">03:46:05\u00a0GPS<\/td>\n<\/tr>\n<tr class=\"row-33\">\n\t<td class=\"column-1\">32<\/td><td class=\"column-2\">32<\/td><td class=\"column-3\">Pawe\u0142<\/td><td class=\"column-4\">Cie\u015blik<\/td><td class=\"column-5\">03:46:48\u00a0GPS<\/td>\n<\/tr>\n<tr class=\"row-34\">\n\t<td class=\"column-1\">33<\/td><td class=\"column-2\">30<\/td><td class=\"column-3\">Witold<\/td><td class=\"column-4\">Smela<\/td><td class=\"column-5\">03:47:59\u00a0GPS<\/td>\n<\/tr>\n<tr class=\"row-35\">\n\t<td class=\"column-1\">34<\/td><td class=\"column-2\">79<\/td><td class=\"column-3\">Kamil<\/td><td class=\"column-4\">Kulpa<\/td><td class=\"column-5\">03:48:56\u00a0GPS<\/td>\n<\/tr>\n<tr class=\"row-36\">\n\t<td class=\"column-1\">35<\/td><td class=\"column-2\">4<\/td><td class=\"column-3\">Hubert<\/td><td class=\"column-4\">Grochala<\/td><td class=\"column-5\">03:54:47\u00a0GPS<\/td>\n<\/tr>\n<tr class=\"row-37\">\n\t<td class=\"column-1\">36<\/td><td class=\"column-2\">16<\/td><td class=\"column-3\">Marcin<\/td><td class=\"column-4\">Kwiecie\u0144<\/td><td class=\"column-5\">03:54:57\u00a0GPS<\/td>\n<\/tr>\n<tr class=\"row-38\">\n\t<td class=\"column-1\">37<\/td><td class=\"column-2\">38<\/td><td class=\"column-3\">Grzegorz<\/td><td class=\"column-4\">Kawalec<\/td><td class=\"column-5\">03:54:59\u00a0GPS<\/td>\n<\/tr>\n<tr class=\"row-39\">\n\t<td class=\"column-1\">38<\/td><td class=\"column-2\">7<\/td><td class=\"column-3\">S\u0142awomir<\/td><td class=\"column-4\">Bielak<\/td><td class=\"column-5\">03:55:00\u00a0GPS<\/td>\n<\/tr>\n<tr class=\"row-40\">\n\t<td class=\"column-1\">39<\/td><td class=\"column-2\">93<\/td><td class=\"column-3\">Grzegorz<\/td><td class=\"column-4\">Krupa<\/td><td class=\"column-5\">03:58:55\u00a0GPS<\/td>\n<\/tr>\n<tr class=\"row-41\">\n\t<td class=\"column-1\">40<\/td><td class=\"column-2\">97<\/td><td class=\"column-3\">Bartosz<\/td><td class=\"column-4\">Tomczyk<\/td><td class=\"column-5\">04:00:56\u00a0GPS<\/td>\n<\/tr>\n<tr class=\"row-42\">\n\t<td class=\"column-1\">41<\/td><td class=\"column-2\">28<\/td><td class=\"column-3\">Tomasz<\/td><td class=\"column-4\">Lewandowski<\/td><td class=\"column-5\">04:01:04\u00a0GPS<\/td>\n<\/tr>\n<tr class=\"row-43\">\n\t<td class=\"column-1\">42<\/td><td class=\"column-2\">56<\/td><td class=\"column-3\">Jacek<\/td><td class=\"column-4\">Kuziora<\/td><td class=\"column-5\">04:01:45\u00a0GPS<\/td>\n<\/tr>\n<tr class=\"row-44\">\n\t<td class=\"column-1\">43<\/td><td class=\"column-2\">18<\/td><td class=\"column-3\">Marcin<\/td><td class=\"column-4\">Kura<\/td><td class=\"column-5\">04:03:41\u00a0GPS<\/td>\n<\/tr>\n<tr class=\"row-45\">\n\t<td class=\"column-1\">44<\/td><td class=\"column-2\">54<\/td><td class=\"column-3\">Andrzej<\/td><td class=\"column-4\">Stefa\u0144ski<\/td><td class=\"column-5\">04:04:01\u00a0GPS<\/td>\n<\/tr>\n<tr class=\"row-46\">\n\t<td class=\"column-1\">45<\/td><td class=\"column-2\">83<\/td><td class=\"column-3\">Dmitrij<\/td><td class=\"column-4\">Lorenc<\/td><td class=\"column-5\">04:04:37\u00a0GPS<\/td>\n<\/tr>\n<tr class=\"row-47\">\n\t<td class=\"column-1\">46<\/td><td class=\"column-2\">13<\/td><td class=\"column-3\">Mateusz<\/td><td class=\"column-4\">Pochro\u0144<\/td><td class=\"column-5\">04:07:58\u00a0GPS<\/td>\n<\/tr>\n<tr class=\"row-48\">\n\t<td class=\"column-1\">47<\/td><td class=\"column-2\">45<\/td><td class=\"column-3\">\u0141ukasz<\/td><td class=\"column-4\">O\u017c\u00f3g<\/td><td class=\"column-5\">04:09:36\u00a0GPS<\/td>\n<\/tr>\n<tr class=\"row-49\">\n\t<td class=\"column-1\">48<\/td><td class=\"column-2\">20<\/td><td class=\"column-3\">Bart\u0142omiej<\/td><td class=\"column-4\">Suski<\/td><td class=\"column-5\">04:10:38\u00a0GPS<\/td>\n<\/tr>\n<tr class=\"row-50\">\n\t<td class=\"column-1\">49<\/td><td class=\"column-2\">23<\/td><td class=\"column-3\">Bogus\u0142aw<\/td><td class=\"column-4\">Tu\u0142ecki<\/td><td class=\"column-5\">04:12:42\u00a0GPS<\/td>\n<\/tr>\n<tr class=\"row-51\">\n\t<td class=\"column-1\">50<\/td><td class=\"column-2\">9<\/td><td class=\"column-3\">Rafa\u0142<\/td><td class=\"column-4\">Mazurek<\/td><td class=\"column-5\">04:13:42\u00a0GPS<\/td>\n<\/tr>\n<tr class=\"row-52\">\n\t<td class=\"column-1\">51<\/td><td class=\"column-2\">86<\/td><td class=\"column-3\">Ariel<\/td><td class=\"column-4\">Ren<\/td><td class=\"column-5\">04:15:35\u00a0GPS<\/td>\n<\/tr>\n<tr class=\"row-53\">\n\t<td class=\"column-1\">52<\/td><td class=\"column-2\">98<\/td><td class=\"column-3\">Dawid<\/td><td class=\"column-4\">Cebula<\/td><td class=\"column-5\">04:16:52\u00a0GPS<\/td>\n<\/tr>\n<tr class=\"row-54\">\n\t<td class=\"column-1\">53<\/td><td class=\"column-2\">24<\/td><td class=\"column-3\">Tomasz<\/td><td class=\"column-4\">Kijak<\/td><td class=\"column-5\">04:17:00\u00a0GPS<\/td>\n<\/tr>\n<tr class=\"row-55\">\n\t<td class=\"column-1\">54<\/td><td class=\"column-2\">50<\/td><td class=\"column-3\">Edwin<\/td><td class=\"column-4\">Kowal<\/td><td class=\"column-5\">04:17:42\u00a0GPS<\/td>\n<\/tr>\n<tr class=\"row-56\">\n\t<td class=\"column-1\">55<\/td><td class=\"column-2\">87<\/td><td class=\"column-3\">Hubert<\/td><td class=\"column-4\">Kondratek<\/td><td class=\"column-5\">04:17:51\u00a0GPS<\/td>\n<\/tr>\n<tr class=\"row-57\">\n\t<td class=\"column-1\">56<\/td><td class=\"column-2\">33<\/td><td class=\"column-3\">Tomasz<\/td><td class=\"column-4\">Surzyn<\/td><td class=\"column-5\">04:20:44\u00a0GPS<\/td>\n<\/tr>\n<tr class=\"row-58\">\n\t<td class=\"column-1\">57<\/td><td class=\"column-2\">40<\/td><td class=\"column-3\">Bartosz<\/td><td class=\"column-4\">Maliczkowski<\/td><td class=\"column-5\">04:21:01\u00a0GPS<\/td>\n<\/tr>\n<tr class=\"row-59\">\n\t<td class=\"column-1\">58<\/td><td class=\"column-2\">94<\/td><td class=\"column-3\">Piotr<\/td><td class=\"column-4\">Stachurski<\/td><td class=\"column-5\">04:21:42\u00a0GPS<\/td>\n<\/tr>\n<tr class=\"row-60\">\n\t<td class=\"column-1\">59<\/td><td class=\"column-2\">10<\/td><td class=\"column-3\">Mi\u0142osz<\/td><td class=\"column-4\">Przepad\u0142o<\/td><td class=\"column-5\">04:23:51\u00a0GPS<\/td>\n<\/tr>\n<tr class=\"row-61\">\n\t<td class=\"column-1\">60<\/td><td class=\"column-2\">68<\/td><td class=\"column-3\">\u0141ukasz<\/td><td class=\"column-4\">Mikrut<\/td><td class=\"column-5\">04:24:01\u00a0GPS<\/td>\n<\/tr>\n<tr class=\"row-62\">\n\t<td class=\"column-1\">61<\/td><td class=\"column-2\">89<\/td><td class=\"column-3\">Tomasz<\/td><td class=\"column-4\">Kwarta<\/td><td class=\"column-5\">04:25:03\u00a0GPS<\/td>\n<\/tr>\n<tr class=\"row-63\">\n\t<td class=\"column-1\">62<\/td><td class=\"column-2\">15<\/td><td class=\"column-3\">Jacek<\/td><td class=\"column-4\">Obirek<\/td><td class=\"column-5\">04:27:50\u00a0GPS<\/td>\n<\/tr>\n<tr class=\"row-64\">\n\t<td class=\"column-1\">63<\/td><td class=\"column-2\">102<\/td><td class=\"column-3\">Marcin<\/td><td class=\"column-4\">Prejznar<\/td><td class=\"column-5\">04:30:19\u00a0GPS<\/td>\n<\/tr>\n<tr class=\"row-65\">\n\t<td class=\"column-1\">64<\/td><td class=\"column-2\">42<\/td><td class=\"column-3\">Rafa\u0142<\/td><td class=\"column-4\">Bieszczad<\/td><td class=\"column-5\">04:30:58\u00a0GPS<\/td>\n<\/tr>\n<tr class=\"row-66\">\n\t<td class=\"column-1\">65<\/td><td class=\"column-2\">14<\/td><td class=\"column-3\">Szymon<\/td><td class=\"column-4\">Zalucki<\/td><td class=\"column-5\">04:36:58\u00a0GPS<\/td>\n<\/tr>\n<tr class=\"row-67\">\n\t<td class=\"column-1\">66<\/td><td class=\"column-2\">36<\/td><td class=\"column-3\">Rafa\u0142<\/td><td class=\"column-4\">Stasiowski<\/td><td class=\"column-5\">04:37:48\u00a0GPS<\/td>\n<\/tr>\n<tr class=\"row-68\">\n\t<td class=\"column-1\">67<\/td><td class=\"column-2\">5<\/td><td class=\"column-3\">Krystian<\/td><td class=\"column-4\">Walawender<\/td><td class=\"column-5\">04:41:42\u00a0GPS<\/td>\n<\/tr>\n<tr class=\"row-69\">\n\t<td class=\"column-1\">68<\/td><td class=\"column-2\">31<\/td><td class=\"column-3\">Dariusz<\/td><td class=\"column-4\">Idec<\/td><td class=\"column-5\">04:52:54\u00a0GPS<\/td>\n<\/tr>\n<tr class=\"row-70\">\n\t<td class=\"column-1\">69<\/td><td class=\"column-2\">74<\/td><td class=\"column-3\">Piotr<\/td><td class=\"column-4\">Dziekan<\/td><td class=\"column-5\">05:00:43\u00a0GPS<\/td>\n<\/tr>\n<tr class=\"row-71\">\n\t<td class=\"column-1\">70<\/td><td class=\"column-2\">69<\/td><td class=\"column-3\">Dawid<\/td><td class=\"column-4\">Witek<\/td><td class=\"column-5\">05:00:46\u00a0GPS<\/td>\n<\/tr>\n<tr class=\"row-72\">\n\t<td class=\"column-1\">71<\/td><td class=\"column-2\">19<\/td><td class=\"column-3\">Konrad<\/td><td class=\"column-4\">Tadla<\/td><td class=\"column-5\">05:01:58\u00a0GPS<\/td>\n<\/tr>\n<tr class=\"row-73\">\n\t<td class=\"column-1\">72<\/td><td class=\"column-2\">59<\/td><td class=\"column-3\">Marcin<\/td><td class=\"column-4\">Wierzgacz<\/td><td class=\"column-5\">05:02:48\u00a0GPS<\/td>\n<\/tr>\n<tr class=\"row-74\">\n\t<td class=\"column-1\">73<\/td><td class=\"column-2\">92<\/td><td class=\"column-3\">Natalia<\/td><td class=\"column-4\">Dubaj<\/td><td class=\"column-5\">05:03:50\u00a0GPS<\/td>\n<\/tr>\n<tr class=\"row-75\">\n\t<td class=\"column-1\">74<\/td><td class=\"column-2\">99<\/td><td class=\"column-3\">Sylwester<\/td><td class=\"column-4\">Nowak<\/td><td class=\"column-5\">05:03:51\u00a0GPS<\/td>\n<\/tr>\n<tr class=\"row-76\">\n\t<td class=\"column-1\">75<\/td><td class=\"column-2\">21<\/td><td class=\"column-3\">Maciej<\/td><td class=\"column-4\">B\u0119ben<\/td><td class=\"column-5\">05:10:54\u00a0GPS<\/td>\n<\/tr>\n<tr class=\"row-77\">\n\t<td class=\"column-1\">76<\/td><td class=\"column-2\">46<\/td><td class=\"column-3\">Piotr<\/td><td class=\"column-4\">Mazela<\/td><td class=\"column-5\">05:30:47\u00a0GPS<\/td>\n<\/tr>\n<tr class=\"row-78\">\n\t<td class=\"column-1\">77<\/td><td class=\"column-2\">51<\/td><td class=\"column-3\">\u0141ukasz<\/td><td class=\"column-4\">Furman<\/td><td class=\"column-5\">05:31:49\u00a0GPS<\/td>\n<\/tr>\n<tr class=\"row-79\">\n\t<td class=\"column-1\">78<\/td><td class=\"column-2\">26<\/td><td class=\"column-3\">Wojciech<\/td><td class=\"column-4\">Gilewski<\/td><td class=\"column-5\">05:34:55\u00a0GPS<\/td>\n<\/tr>\n<tr class=\"row-80\">\n\t<td class=\"column-1\">79<\/td><td class=\"column-2\">25<\/td><td class=\"column-3\">Bart\u0142omiej<\/td><td class=\"column-4\">Gilewski<\/td><td class=\"column-5\">05:34:56\u00a0GPS<\/td>\n<\/tr>\n<tr class=\"row-81\">\n\t<td class=\"column-1\">80<\/td><td class=\"column-2\">27<\/td><td class=\"column-3\">Dominika<\/td><td class=\"column-4\">Chojnowska<\/td><td class=\"column-5\">05:34:57\u00a0GPS<\/td>\n<\/tr>\n<tr class=\"row-82\">\n\t<td class=\"column-1\">81<\/td><td class=\"column-2\">58<\/td><td class=\"column-3\">Agnieszka<\/td><td class=\"column-4\">Rzeszutko<\/td><td class=\"column-5\">05:43:55\u00a0GPS<\/td>\n<\/tr>\n<tr class=\"row-83\">\n\t<td class=\"column-1\">82<\/td><td class=\"column-2\">41<\/td><td class=\"column-3\">Kacper<\/td><td class=\"column-4\">Drozd<\/td><td class=\"column-5\">05:44:42\u00a0GPS<\/td>\n<\/tr>\n<tr class=\"row-84\">\n\t<td class=\"column-1\">83<\/td><td class=\"column-2\">49<\/td><td class=\"column-3\">Adam<\/td><td class=\"column-4\">Muzalewski<\/td><td class=\"column-5\">06:07:39\u00a0GPS<\/td>\n<\/tr>\n<tr class=\"row-85\">\n\t<td class=\"column-1\">84<\/td><td class=\"column-2\">61<\/td><td class=\"column-3\">Micha\u0142<\/td><td class=\"column-4\">Grzegorczyk<\/td><td class=\"column-5\">02:21:57 DNF<\/td>\n<\/tr>\n<tr class=\"row-86\">\n\t<td class=\"column-1\">85<\/td><td class=\"column-2\">2<\/td><td class=\"column-3\">Marcin<\/td><td class=\"column-4\">Wi\u0119cek<\/td><td class=\"column-5\">DNS<\/td>\n<\/tr>\n<tr class=\"row-87\">\n\t<td class=\"column-1\">86<\/td><td class=\"column-2\">48<\/td><td class=\"column-3\">Marcin<\/td><td class=\"column-4\">Sie\u0144ko<\/td><td class=\"column-5\">DNS<\/td>\n<\/tr>\n<tr class=\"row-88\">\n\t<td class=\"column-1\">87<\/td><td class=\"column-2\">60<\/td><td class=\"column-3\">Grzegorz<\/td><td class=\"column-4\">Skrabek<\/td><td class=\"column-5\">DNS<\/td>\n<\/tr>\n<tr class=\"row-89\">\n\t<td class=\"column-1\">88<\/td><td class=\"column-2\">22<\/td><td class=\"column-3\">Wojciech<\/td><td class=\"column-4\">S<\/td><td class=\"column-5\">DNS<\/td>\n<\/tr>\n<tr class=\"row-90\">\n\t<td class=\"column-1\">89<\/td><td class=\"column-2\">37<\/td><td class=\"column-3\">Grzegorz<\/td><td class=\"column-4\">Szajna<\/td><td class=\"column-5\">DNS<\/td>\n<\/tr>\n<tr class=\"row-91\">\n\t<td class=\"column-1\">90<\/td><td class=\"column-2\">64<\/td><td class=\"column-3\">Bart\u0142omiej<\/td><td class=\"column-4\">Duplaga<\/td><td class=\"column-5\">DNS<\/td>\n<\/tr>\n<tr class=\"row-92\">\n\t<td class=\"column-1\">91<\/td><td class=\"column-2\">66<\/td><td class=\"column-3\">Maciej<\/td><td class=\"column-4\">Wa\u0142czyk<\/td><td class=\"column-5\">DNS<\/td>\n<\/tr>\n<tr class=\"row-93\">\n\t<td class=\"column-1\">92<\/td><td class=\"column-2\">47<\/td><td class=\"column-3\">Miros\u0142aw<\/td><td class=\"column-4\">Ku\u017aniar<\/td><td class=\"column-5\">DNS<\/td>\n<\/tr>\n<tr class=\"row-94\">\n\t<td class=\"column-1\">93<\/td><td class=\"column-2\">90<\/td><td class=\"column-3\">Karol<\/td><td class=\"column-4\">Pud\u0142o<\/td><td class=\"column-5\">DNS<\/td>\n<\/tr>\n<tr class=\"row-95\">\n\t<td class=\"column-1\">94<\/td><td class=\"column-2\">63<\/td><td class=\"column-3\">Katarzyna<\/td><td class=\"column-4\">B\u0142aszczak<\/td><td class=\"column-5\">DNS<\/td>\n<\/tr>\n<tr class=\"row-96\">\n\t<td class=\"column-1\">95<\/td><td class=\"column-2\">62<\/td><td class=\"column-3\">Bogdan<\/td><td class=\"column-4\">Duplaga<\/td><td class=\"column-5\">DNS<\/td>\n<\/tr>\n<tr class=\"row-97\">\n\t<td class=\"column-1\">96<\/td><td class=\"column-2\">17<\/td><td class=\"column-3\">Bartek<\/td><td class=\"column-4\">Ba\u0142ut<\/td><td class=\"column-5\">DNS<\/td>\n<\/tr>\n<tr class=\"row-98\">\n\t<td class=\"column-1\">97<\/td><td class=\"column-2\">53<\/td><td class=\"column-3\">Adam<\/td><td class=\"column-4\">Stadnik<\/td><td class=\"column-5\">DNS<\/td>\n<\/tr>\n<tr class=\"row-99\">\n\t<td class=\"column-1\">98<\/td><td class=\"column-2\">39<\/td><td class=\"column-3\">Wojciech<\/td><td class=\"column-4\">Kuziara<\/td><td class=\"column-5\">DNS<\/td>\n<\/tr>\n<tr class=\"row-100\">\n\t<td class=\"column-1\">99<\/td><td class=\"column-2\">57<\/td><td class=\"column-3\">Przemys\u0142aw<\/td><td class=\"column-4\">Misztal<\/td><td class=\"column-5\">DNS<\/td>\n<\/tr>\n<tr class=\"row-101\">\n\t<td class=\"column-1\">100<\/td><td class=\"column-2\">77<\/td><td class=\"column-3\">Grzegorz<\/td><td class=\"column-4\">Zimowski<\/td><td class=\"column-5\">DNS<\/td>\n<\/tr>\n<tr class=\"row-102\">\n\t<td class=\"column-1\">101<\/td><td class=\"column-2\">96<\/td><td class=\"column-3\">Tomasz<\/td><td class=\"column-4\">Nied\u017awiecki<\/td><td class=\"column-5\">DNS<\/td>\n<\/tr>\n<tr class=\"row-103\">\n\t<td class=\"column-1\">102<\/td><td class=\"column-2\">29<\/td><td class=\"column-3\">Damian<\/td><td class=\"column-4\">Jagielski<\/td><td class=\"column-5\">DNS<\/td>\n<\/tr>\n<\/tbody>\n<\/table>\n<!-- #tablepress-3 from cache -->[\/vc_column_text][\/vc_column][\/vc_row]<\/p>\n<\/div>","protected":false},"excerpt":{"rendered":"<p>[vc_row][vc_column][vc_column_text][\/vc_column_text][\/vc_column][\/vc_row]<\/p>\n","protected":false},"author":1,"featured_media":0,"parent":0,"menu_order":0,"comment_status":"closed","ping_status":"open","template":"","meta":{"footnotes":""},"class_list":["post-1810","page","type-page","status-publish","hentry"],"_links":{"self":[{"href":"https:\/\/sgseries.com\/index.php\/wp-json\/wp\/v2\/pages\/1810","targetHints":{"allow":["GET"]}}],"collection":[{"href":"https:\/\/sgseries.com\/index.php\/wp-json\/wp\/v2\/pages"}],"about":[{"href":"https:\/\/sgseries.com\/index.php\/wp-json\/wp\/v2\/types\/page"}],"author":[{"embeddable":true,"href":"https:\/\/sgseries.com\/index.php\/wp-json\/wp\/v2\/users\/1"}],"replies":[{"embeddable":true,"href":"https:\/\/sgseries.com\/index.php\/wp-json\/wp\/v2\/comments?post=1810"}],"version-history":[{"count":1,"href":"https:\/\/sgseries.com\/index.php\/wp-json\/wp\/v2\/pages\/1810\/revisions"}],"predecessor-version":[{"id":1811,"href":"https:\/\/sgseries.com\/index.php\/wp-json\/wp\/v2\/pages\/1810\/revisions\/1811"}],"wp:attachment":[{"href":"https:\/\/sgseries.com\/index.php\/wp-json\/wp\/v2\/media?parent=1810"}],"curies":[{"name":"wp","href":"https:\/\/api.w.org\/{rel}","templated":true}]}}