{"id":1692,"date":"2025-01-27T17:36:51","date_gmt":"2025-01-27T17:36:51","guid":{"rendered":"https:\/\/sgseries.com\/?page_id=1692"},"modified":"2025-09-15T12:15:55","modified_gmt":"2025-09-15T12:15:55","slug":"lista-startowa-sgs-2025","status":"publish","type":"page","link":"https:\/\/sgseries.com\/index.php\/lista-startowa-sgs-2025\/","title":{"rendered":"LISTA STARTOWA SGS 2025"},"content":{"rendered":"<div class=\"wpb-content-wrapper\"><p>[vc_row][vc_column][vc_column_text]<h2 id=\"tablepress-1-name\" class=\"tablepress-table-name tablepress-table-name-id-1\">LISTA STARTOWA SGS 2025<\/h2>\n<span id=\"tablepress-1-description\" class=\"tablepress-table-description tablepress-table-description-id-1\">Lista startowa na ostatni wy\u015bcig z serii SGS - Krempna. <br \/>\n<br \/>\n<br \/>\n<\/span>\n\n<table id=\"tablepress-1\" class=\"tablepress tablepress-id-1\" aria-labelledby=\"tablepress-1-name\" aria-describedby=\"tablepress-1-description\">\n<thead>\n<tr class=\"row-1\">\n\t<th class=\"column-1\">Imi\u0119 i nazwisko<\/th><th class=\"column-2\">Klub<\/th><th class=\"column-3\">Krempna<\/th><th class=\"column-4\">Numer<\/th>\n<\/tr>\n<\/thead>\n<tbody class=\"row-striping row-hover\">\n<tr class=\"row-2\">\n\t<td class=\"column-1\">Konrad Rak<\/td><td class=\"column-2\">velopoint.pl<\/td><td class=\"column-3\">x<\/td><td class=\"column-4\">1<\/td>\n<\/tr>\n<tr class=\"row-3\">\n\t<td class=\"column-1\">Anna Cisowska<\/td><td class=\"column-2\">velopoint.pl<\/td><td class=\"column-3\">x<\/td><td class=\"column-4\">2<\/td>\n<\/tr>\n<tr class=\"row-4\">\n\t<td class=\"column-1\">Karol Mazur<\/td><td class=\"column-2\"><\/td><td class=\"column-3\">x<\/td><td class=\"column-4\">3<\/td>\n<\/tr>\n<tr class=\"row-5\">\n\t<td class=\"column-1\">Krystian Walawender<\/td><td class=\"column-2\">velopoint.pl<\/td><td class=\"column-3\">x<\/td><td class=\"column-4\">4<\/td>\n<\/tr>\n<tr class=\"row-6\">\n\t<td class=\"column-1\">Szczepan T\u0119cza<\/td><td class=\"column-2\">Thoni Alutec Cycling Club 1<\/td><td class=\"column-3\">x<\/td><td class=\"column-4\">5<\/td>\n<\/tr>\n<tr class=\"row-7\">\n\t<td class=\"column-1\">S\u0142awomir Bielak<\/td><td class=\"column-2\">Thoni Alutec Cycling Club 1<\/td><td class=\"column-3\">x<\/td><td class=\"column-4\">6<\/td>\n<\/tr>\n<tr class=\"row-8\">\n\t<td class=\"column-1\">Adam Wilczak<\/td><td class=\"column-2\">Thoni Alutec Cycling Club 1<\/td><td class=\"column-3\">x<\/td><td class=\"column-4\">7<\/td>\n<\/tr>\n<tr class=\"row-9\">\n\t<td class=\"column-1\">Rafa\u0142 Mazurek<\/td><td class=\"column-2\">Thoni Alutec Cycling Club 1<\/td><td class=\"column-3\">x<\/td><td class=\"column-4\">8<\/td>\n<\/tr>\n<tr class=\"row-10\">\n\t<td class=\"column-1\">Mi\u0142osz Przepad\u0142o (Vengo Preparado)<\/td><td class=\"column-2\">Thoni Alutec Cycling Club 1<\/td><td class=\"column-3\">x<\/td><td class=\"column-4\">9<\/td>\n<\/tr>\n<tr class=\"row-11\">\n\t<td class=\"column-1\">Pawe\u0142 Presman<\/td><td class=\"column-2\">Thoni Alutec Cycling Club 2<\/td><td class=\"column-3\">x<\/td><td class=\"column-4\">10<\/td>\n<\/tr>\n<tr class=\"row-12\">\n\t<td class=\"column-1\">Adam K\u0119dziora<\/td><td class=\"column-2\">Thoni Alutec Cycling Club 2<\/td><td class=\"column-3\">x<\/td><td class=\"column-4\">11<\/td>\n<\/tr>\n<tr class=\"row-13\">\n\t<td class=\"column-1\">Mateusz Pochro\u0144<\/td><td class=\"column-2\">Thoni Alutec Cycling Club 2<\/td><td class=\"column-3\">x<\/td><td class=\"column-4\">12<\/td>\n<\/tr>\n<tr class=\"row-14\">\n\t<td class=\"column-1\">Szymon Za\u0142ucki<\/td><td class=\"column-2\">Thoni Alutec Cycling Club 2<\/td><td class=\"column-3\">x<\/td><td class=\"column-4\">13<\/td>\n<\/tr>\n<tr class=\"row-15\">\n\t<td class=\"column-1\">Jacek Obirek<\/td><td class=\"column-2\">Thoni Alutec Cycling Club 2<\/td><td class=\"column-3\">x<\/td><td class=\"column-4\">14<\/td>\n<\/tr>\n<tr class=\"row-16\">\n\t<td class=\"column-1\">Witold Smela<\/td><td class=\"column-2\">Gravelowa \u015aroda<\/td><td class=\"column-3\">x<\/td><td class=\"column-4\">15<\/td>\n<\/tr>\n<tr class=\"row-17\">\n\t<td class=\"column-1\">Pawe\u0142 Cie\u015blik<\/td><td class=\"column-2\">Gravelowa \u015aroda<\/td><td class=\"column-3\">x<\/td><td class=\"column-4\">16<\/td>\n<\/tr>\n<tr class=\"row-18\">\n\t<td class=\"column-1\">Maciej Se\u0144<\/td><td class=\"column-2\"><\/td><td class=\"column-3\">x<\/td><td class=\"column-4\">17<\/td>\n<\/tr>\n<tr class=\"row-19\">\n\t<td class=\"column-1\">Bartosz Kulasa<\/td><td class=\"column-2\">Ketrap Cycling<\/td><td class=\"column-3\">x<\/td><td class=\"column-4\">18<\/td>\n<\/tr>\n<tr class=\"row-20\">\n\t<td class=\"column-1\">Piotr Pi\u0119ta<\/td><td class=\"column-2\"><\/td><td class=\"column-3\">x<\/td><td class=\"column-4\">19<\/td>\n<\/tr>\n<tr class=\"row-21\">\n\t<td class=\"column-1\">Wiktor Majchrowicz<\/td><td class=\"column-2\">HHiCh<\/td><td class=\"column-3\">x<\/td><td class=\"column-4\">20<\/td>\n<\/tr>\n<tr class=\"row-22\">\n\t<td class=\"column-1\">Edwin Kowal<\/td><td class=\"column-2\"><\/td><td class=\"column-3\">x<\/td><td class=\"column-4\">21<\/td>\n<\/tr>\n<tr class=\"row-23\">\n\t<td class=\"column-1\">Andrzej P\u0105czek<\/td><td class=\"column-2\">Asseco Active Team<\/td><td class=\"column-3\">x<\/td><td class=\"column-4\">22<\/td>\n<\/tr>\n<tr class=\"row-24\">\n\t<td class=\"column-1\">Jacek Kuziora<\/td><td class=\"column-2\">Asseco Active Team<\/td><td class=\"column-3\">x<\/td><td class=\"column-4\">23<\/td>\n<\/tr>\n<tr class=\"row-25\">\n\t<td class=\"column-1\">Przemys\u0142aw Misztal<\/td><td class=\"column-2\">Asseco Active Team<\/td><td class=\"column-3\">x<\/td><td class=\"column-4\">24<\/td>\n<\/tr>\n<tr class=\"row-26\">\n\t<td class=\"column-1\">Maciej Wojtala<\/td><td class=\"column-2\">Thoni Alutec Cycling Club 2<\/td><td class=\"column-3\">x<\/td><td class=\"column-4\">25<\/td>\n<\/tr>\n<tr class=\"row-27\">\n\t<td class=\"column-1\">Maciej Wa\u0142czyk<\/td><td class=\"column-2\">BWR<\/td><td class=\"column-3\">x<\/td><td class=\"column-4\">26<\/td>\n<\/tr>\n<tr class=\"row-28\">\n\t<td class=\"column-1\">\u0141ukasz Mikrut<\/td><td class=\"column-2\"><\/td><td class=\"column-3\">x<\/td><td class=\"column-4\">27<\/td>\n<\/tr>\n<tr class=\"row-29\">\n\t<td class=\"column-1\">Piotr Majewski<\/td><td class=\"column-2\"><\/td><td class=\"column-3\">x<\/td><td class=\"column-4\">28<\/td>\n<\/tr>\n<tr class=\"row-30\">\n\t<td class=\"column-1\">Krzysiek \u0141opata<\/td><td class=\"column-2\">velopoint.pl<\/td><td class=\"column-3\">x<\/td><td class=\"column-4\">29<\/td>\n<\/tr>\n<tr class=\"row-31\">\n\t<td class=\"column-1\">Bartosz Tomczyk<\/td><td class=\"column-2\">Thoni Alutec Cycling Club 2<\/td><td class=\"column-3\">x<\/td><td class=\"column-4\">30<\/td>\n<\/tr>\n<tr class=\"row-32\">\n\t<td class=\"column-1\">Bart\u0142omiej Gilewski<\/td><td class=\"column-2\"><\/td><td class=\"column-3\">x<\/td><td class=\"column-4\">31<\/td>\n<\/tr>\n<tr class=\"row-33\">\n\t<td class=\"column-1\">Wojciech Gilewski<\/td><td class=\"column-2\"><\/td><td class=\"column-3\">x<\/td><td class=\"column-4\">32<\/td>\n<\/tr>\n<tr class=\"row-34\">\n\t<td class=\"column-1\">Dominika Chojnowska<\/td><td class=\"column-2\"><\/td><td class=\"column-3\">x<\/td><td class=\"column-4\">33<\/td>\n<\/tr>\n<tr class=\"row-35\">\n\t<td class=\"column-1\">Marek Brodziak<\/td><td class=\"column-2\"><\/td><td class=\"column-3\">x<\/td><td class=\"column-4\">34<\/td>\n<\/tr>\n<tr class=\"row-36\">\n\t<td class=\"column-1\">Wojciech Grabiec<\/td><td class=\"column-2\">Gravelowa \u015aroda<\/td><td class=\"column-3\">x<\/td><td class=\"column-4\">35<\/td>\n<\/tr>\n<tr class=\"row-37\">\n\t<td class=\"column-1\">Magdalena Cyga\u0144czuk<\/td><td class=\"column-2\">Grupetto Gorlice<\/td><td class=\"column-3\">x<\/td><td class=\"column-4\">36<\/td>\n<\/tr>\n<tr class=\"row-38\">\n\t<td class=\"column-1\">B\u0142a\u017cej Or\u0142owski<\/td><td class=\"column-2\"><\/td><td class=\"column-3\">x<\/td><td class=\"column-4\">37<\/td>\n<\/tr>\n<tr class=\"row-39\">\n\t<td class=\"column-1\">Szymon Czekaj<\/td><td class=\"column-2\">Thoni Alutec Cycling Club 2<\/td><td class=\"column-3\">x<\/td><td class=\"column-4\">38<\/td>\n<\/tr>\n<tr class=\"row-40\">\n\t<td class=\"column-1\">Przemys\u0142aw Ple\u015bniak<\/td><td class=\"column-2\">Asseco Active Team<\/td><td class=\"column-3\">x<\/td><td class=\"column-4\">39<\/td>\n<\/tr>\n<tr class=\"row-41\">\n\t<td class=\"column-1\">Marcin Wierzgacz<\/td><td class=\"column-2\">Asseco Active Team<\/td><td class=\"column-3\">x<\/td><td class=\"column-4\">40<\/td>\n<\/tr>\n<tr class=\"row-42\">\n\t<td class=\"column-1\">Maciej B\u0119ben<\/td><td class=\"column-2\"><\/td><td class=\"column-3\">x<\/td><td class=\"column-4\">41<\/td>\n<\/tr>\n<tr class=\"row-43\">\n\t<td class=\"column-1\">Adam Muzalewski<\/td><td class=\"column-2\">Jura Club<\/td><td class=\"column-3\">x<\/td><td class=\"column-4\">42<\/td>\n<\/tr>\n<tr class=\"row-44\">\n\t<td class=\"column-1\">Mariusz Ba\u0142on<\/td><td class=\"column-2\"><\/td><td class=\"column-3\">x<\/td><td class=\"column-4\">43<\/td>\n<\/tr>\n<tr class=\"row-45\">\n\t<td class=\"column-1\">Micha\u0142 Szyma\u0144ski<\/td><td class=\"column-2\">Gravelowa \u015aroda<\/td><td class=\"column-3\">x<\/td><td class=\"column-4\">44<\/td>\n<\/tr>\n<tr class=\"row-46\">\n\t<td class=\"column-1\">Piotr Ko\u0142odziejczak<\/td><td class=\"column-2\">Dzikie Wieprze Team<\/td><td class=\"column-3\">x<\/td><td class=\"column-4\">45<\/td>\n<\/tr>\n<tr class=\"row-47\">\n\t<td class=\"column-1\">Szymon Bartu\u015b<\/td><td class=\"column-2\"><\/td><td class=\"column-3\">x<\/td><td class=\"column-4\">46<\/td>\n<\/tr>\n<tr class=\"row-48\">\n\t<td class=\"column-1\">Filip Gawlowski<\/td><td class=\"column-2\"><\/td><td class=\"column-3\">x<\/td><td class=\"column-4\">47<\/td>\n<\/tr>\n<tr class=\"row-49\">\n\t<td class=\"column-1\">Tomasz Sanokowski<\/td><td class=\"column-2\"><\/td><td class=\"column-3\">x<\/td><td class=\"column-4\">48<\/td>\n<\/tr>\n<tr class=\"row-50\">\n\t<td class=\"column-1\">Marcin RYBAK<\/td><td class=\"column-2\">Saint-Gobain Vetrotech Polska<br \/>\n<br \/>\n<\/td><td class=\"column-3\">x<\/td><td class=\"column-4\">49<\/td>\n<\/tr>\n<tr class=\"row-51\">\n\t<td class=\"column-1\">Bart\u0142omiej Dobro\u0107<\/td><td class=\"column-2\">SAINT - GOBAIN VETROTECH POLSKA<\/td><td class=\"column-3\">x<\/td><td class=\"column-4\">50<\/td>\n<\/tr>\n<tr class=\"row-52\">\n\t<td class=\"column-1\">Jan Grabo\u0144<\/td><td class=\"column-2\"><\/td><td class=\"column-3\">x<\/td><td class=\"column-4\">51<\/td>\n<\/tr>\n<tr class=\"row-53\">\n\t<td class=\"column-1\">Magdalena Seget<\/td><td class=\"column-2\"><\/td><td class=\"column-3\">x<\/td><td class=\"column-4\">52<\/td>\n<\/tr>\n<tr class=\"row-54\">\n\t<td class=\"column-1\">Przemys\u0142aw Liebner<\/td><td class=\"column-2\">BAJKERSI KROSNO<br \/>\r\n<br \/>\r<\/td><td class=\"column-3\">x<\/td><td class=\"column-4\">53<\/td>\n<\/tr>\n<tr class=\"row-55\">\n\t<td class=\"column-1\">Marcin Kosterkiewicz<\/td><td class=\"column-2\">#trenujzKosterem<br \/>\r\n<br \/>\r<\/td><td class=\"column-3\">x<\/td><td class=\"column-4\">54<\/td>\n<\/tr>\n<tr class=\"row-56\">\n\t<td class=\"column-1\">Micha\u0142 Mikrut<\/td><td class=\"column-2\"><\/td><td class=\"column-3\">x<\/td><td class=\"column-4\">55<\/td>\n<\/tr>\n<tr class=\"row-57\">\n\t<td class=\"column-1\">Micha\u0142 Krzysik<\/td><td class=\"column-2\"><\/td><td class=\"column-3\">x<\/td><td class=\"column-4\">56<\/td>\n<\/tr>\n<tr class=\"row-58\">\n\t<td class=\"column-1\">Piotr Wierzbowski<\/td><td class=\"column-2\">Rezerwat Przygody<\/td><td class=\"column-3\">x<\/td><td class=\"column-4\">57<\/td>\n<\/tr>\n<tr class=\"row-59\">\n\t<td class=\"column-1\">Piotr Gierula<\/td><td class=\"column-2\"><\/td><td class=\"column-3\">x<\/td><td class=\"column-4\">58<\/td>\n<\/tr>\n<tr class=\"row-60\">\n\t<td class=\"column-1\">Wojciech Kie\u0142basa<\/td><td class=\"column-2\"><\/td><td class=\"column-3\">x<\/td><td class=\"column-4\">59<\/td>\n<\/tr>\n<tr class=\"row-61\">\n\t<td class=\"column-1\">Damian Bosek<\/td><td class=\"column-2\">Galicja Gravel<\/td><td class=\"column-3\">x<\/td><td class=\"column-4\">60<\/td>\n<\/tr>\n<tr class=\"row-62\">\n\t<td class=\"column-1\">Grzegorz Bryk<\/td><td class=\"column-2\">Thoni Alutec Cycling Club 1<\/td><td class=\"column-3\">x<\/td><td class=\"column-4\">61<\/td>\n<\/tr>\n<tr class=\"row-63\">\n\t<td class=\"column-1\">Piotr Zelia\u015b<\/td><td class=\"column-2\">Thoni Alutec Cycling Club 1<\/td><td class=\"column-3\">x<\/td><td class=\"column-4\">62<\/td>\n<\/tr>\n<tr class=\"row-64\">\n\t<td class=\"column-1\">Nikodem Solski<\/td><td class=\"column-2\">TEAM PKO BANK POLSKI<\/td><td class=\"column-3\">x<\/td><td class=\"column-4\">63<\/td>\n<\/tr>\n<tr class=\"row-65\">\n\t<td class=\"column-1\">Marcin Sie\u0144ko<\/td><td class=\"column-2\"><\/td><td class=\"column-3\">x<\/td><td class=\"column-4\">64<\/td>\n<\/tr>\n<tr class=\"row-66\">\n\t<td class=\"column-1\">Piotr Smole\u0144<\/td><td class=\"column-2\"><\/td><td class=\"column-3\">x<\/td><td class=\"column-4\">65<\/td>\n<\/tr>\n<tr class=\"row-67\">\n\t<td class=\"column-1\">Bogus\u0142aw Tu\u0142ecki<\/td><td class=\"column-2\"><\/td><td class=\"column-3\">x<\/td><td class=\"column-4\">66<\/td>\n<\/tr>\n<tr class=\"row-68\">\n\t<td class=\"column-1\">Rados\u0142aw Mrozek<\/td><td class=\"column-2\"><\/td><td class=\"column-3\">x<\/td><td class=\"column-4\">67<\/td>\n<\/tr>\n<tr class=\"row-69\">\n\t<td class=\"column-1\">Marek Wszo\u0142ek<\/td><td class=\"column-2\"><\/td><td class=\"column-3\">x<\/td><td class=\"column-4\">68<\/td>\n<\/tr>\n<tr class=\"row-70\">\n\t<td class=\"column-1\">Bartosz Zieli\u0144ski<\/td><td class=\"column-2\"><\/td><td class=\"column-3\">x<\/td><td class=\"column-4\">69<\/td>\n<\/tr>\n<tr class=\"row-71\">\n\t<td class=\"column-1\">Monika Podos<\/td><td class=\"column-2\"><\/td><td class=\"column-3\">x<\/td><td class=\"column-4\">70<\/td>\n<\/tr>\n<tr class=\"row-72\">\n\t<td class=\"column-1\">Piotr Sajdak<\/td><td class=\"column-2\">CYCLO TRENER TEAM<\/td><td class=\"column-3\">x<\/td><td class=\"column-4\">71<\/td>\n<\/tr>\n<tr class=\"row-73\">\n\t<td class=\"column-1\">Tobiasz Prochownik<\/td><td class=\"column-2\">Stowarzyszenie fanatyk\u00f3w kolarstwa - OSP Majdany<\/td><td class=\"column-3\">x<\/td><td class=\"column-4\">72<\/td>\n<\/tr>\n<tr class=\"row-74\">\n\t<td class=\"column-1\">\u0141ukasz Ku\u015b<\/td><td class=\"column-2\"><\/td><td class=\"column-3\">x<\/td><td class=\"column-4\">73<\/td>\n<\/tr>\n<tr class=\"row-75\">\n\t<td class=\"column-1\">Agata Wawrzaszek<\/td><td class=\"column-2\"><\/td><td class=\"column-3\">x<\/td><td class=\"column-4\">74<\/td>\n<\/tr>\n<tr class=\"row-76\">\n\t<td class=\"column-1\">Rafa\u0142 Starzec<\/td><td class=\"column-2\"><\/td><td class=\"column-3\">x<\/td><td class=\"column-4\">75<\/td>\n<\/tr>\n<tr class=\"row-77\">\n\t<td class=\"column-1\">\u0141ukasz Mietelka<\/td><td class=\"column-2\"><\/td><td class=\"column-3\">x<\/td><td class=\"column-4\">76<\/td>\n<\/tr>\n<tr class=\"row-78\">\n\t<td class=\"column-1\">Marcin Prejznar<\/td><td class=\"column-2\"><\/td><td class=\"column-3\">x<\/td><td class=\"column-4\">77<\/td>\n<\/tr>\n<tr class=\"row-79\">\n\t<td class=\"column-1\">Maciej Prejznar<\/td><td class=\"column-2\"><\/td><td class=\"column-3\">x<\/td><td class=\"column-4\">78<\/td>\n<\/tr>\n<tr class=\"row-80\">\n\t<td class=\"column-1\">Piotr Koryto<\/td><td class=\"column-2\"><\/td><td class=\"column-3\">x<\/td><td class=\"column-4\">79<\/td>\n<\/tr>\n<tr class=\"row-81\">\n\t<td class=\"column-1\">Hubert Zieli\u0144ski<\/td><td class=\"column-2\"><\/td><td class=\"column-3\">x<\/td><td class=\"column-4\">80<\/td>\n<\/tr>\n<tr class=\"row-82\">\n\t<td class=\"column-1\">Maciek Kobak<\/td><td class=\"column-2\"><\/td><td class=\"column-3\">x<\/td><td class=\"column-4\">81<\/td>\n<\/tr>\n<tr class=\"row-83\">\n\t<td class=\"column-1\">Micha\u0142 Poci\u0119giel<\/td><td class=\"column-2\"><\/td><td class=\"column-3\">x<\/td><td class=\"column-4\">82<\/td>\n<\/tr>\n<tr class=\"row-84\">\n\t<td class=\"column-1\">Dominik Ciurko<\/td><td class=\"column-2\">Gravelowa \u015aroda<\/td><td class=\"column-3\">x<\/td><td class=\"column-4\">83<\/td>\n<\/tr>\n<tr class=\"row-85\">\n\t<td class=\"column-1\">Krzysztof Skorupski<\/td><td class=\"column-2\">Gravelowa \u015aroda<\/td><td class=\"column-3\">x<\/td><td class=\"column-4\">84<\/td>\n<\/tr>\n<tr class=\"row-86\">\n\t<td class=\"column-1\">\u0141ukasz Furman<\/td><td class=\"column-2\"><\/td><td class=\"column-3\">x<\/td><td class=\"column-4\">85<\/td>\n<\/tr>\n<tr class=\"row-87\">\n\t<td class=\"column-1\">Marcin Wawrzyniec<\/td><td class=\"column-2\">Gravelowa \u015aroda<\/td><td class=\"column-3\">x<\/td><td class=\"column-4\">86<\/td>\n<\/tr>\n<tr class=\"row-88\">\n\t<td class=\"column-1\">Piotr Tobiasz<\/td><td class=\"column-2\"><\/td><td class=\"column-3\">x<\/td><td class=\"column-4\">87<\/td>\n<\/tr>\n<tr class=\"row-89\">\n\t<td class=\"column-1\">Mateusz Wawrzy\u0144ski<\/td><td class=\"column-2\">NO-LIMITED<\/td><td class=\"column-3\">x<\/td><td class=\"column-4\">88<\/td>\n<\/tr>\n<tr class=\"row-90\">\n\t<td class=\"column-1\">Miros\u0142aw Ku\u017aniar<\/td><td class=\"column-2\"><\/td><td class=\"column-3\">x<\/td><td class=\"column-4\">89<\/td>\n<\/tr>\n<tr class=\"row-91\">\n\t<td class=\"column-1\">Filip Chmielarz<\/td><td class=\"column-2\">Gravelowa \u015aroda<\/td><td class=\"column-3\">x<\/td><td class=\"column-4\">90<\/td>\n<\/tr>\n<\/tbody>\n<\/table>\n<!-- #tablepress-1 from cache -->[\/vc_column_text][\/vc_column][\/vc_row]<\/p>\n<\/div>","protected":false},"excerpt":{"rendered":"<p>[vc_row][vc_column][vc_column_text][\/vc_column_text][\/vc_column][\/vc_row]<\/p>\n","protected":false},"author":1,"featured_media":0,"parent":0,"menu_order":0,"comment_status":"closed","ping_status":"closed","template":"","meta":{"footnotes":""},"class_list":["post-1692","page","type-page","status-publish","hentry"],"_links":{"self":[{"href":"https:\/\/sgseries.com\/index.php\/wp-json\/wp\/v2\/pages\/1692","targetHints":{"allow":["GET"]}}],"collection":[{"href":"https:\/\/sgseries.com\/index.php\/wp-json\/wp\/v2\/pages"}],"about":[{"href":"https:\/\/sgseries.com\/index.php\/wp-json\/wp\/v2\/types\/page"}],"author":[{"embeddable":true,"href":"https:\/\/sgseries.com\/index.php\/wp-json\/wp\/v2\/users\/1"}],"replies":[{"embeddable":true,"href":"https:\/\/sgseries.com\/index.php\/wp-json\/wp\/v2\/comments?post=1692"}],"version-history":[{"count":27,"href":"https:\/\/sgseries.com\/index.php\/wp-json\/wp\/v2\/pages\/1692\/revisions"}],"predecessor-version":[{"id":2035,"href":"https:\/\/sgseries.com\/index.php\/wp-json\/wp\/v2\/pages\/1692\/revisions\/2035"}],"wp:attachment":[{"href":"https:\/\/sgseries.com\/index.php\/wp-json\/wp\/v2\/media?parent=1692"}],"curies":[{"name":"wp","href":"https:\/\/api.w.org\/{rel}","templated":true}]}}