{"id":1675,"date":"2025-01-27T16:48:33","date_gmt":"2025-01-27T16:48:33","guid":{"rendered":"https:\/\/sgseries.com\/?page_id=1675"},"modified":"2025-01-27T17:40:59","modified_gmt":"2025-01-27T17:40:59","slug":"listastartowa","status":"publish","type":"page","link":"https:\/\/sgseries.com\/index.php\/listastartowa\/","title":{"rendered":"LISTA STARTOWA"},"content":{"rendered":"<div class=\"wpb-content-wrapper\"><p>[vc_row row_style=&#8221;full-width&#8221; text_style=&#8221;light&#8221; vertical_align=&#8221;middle&#8221; padding_size=&#8221;no-padding&#8221; background_color=&#8221;#232323&#8243;][vc_column text_align=&#8221;center&#8221; padding_size=&#8221;no-padding&#8221; width=&#8221;1\/2&#8243;][vc_single_image image=&#8221;1680&#8243; alignment=&#8221;center&#8221;][\/vc_column][vc_column text_align=&#8221;center&#8221; padding_size=&#8221;l-padding&#8221; width=&#8221;1\/2&#8243; css=&#8221;.vc_custom_1436071798607{padding-top: 20px !important;padding-bottom: 20px !important;}&#8221;][vc_custom_heading text=&#8221;LISTA STARTOWA 2025&#8243; font_container=&#8221;tag:h2|text_align:center|color:%23ffffff&#8221; google_fonts=&#8221;font_family:Montserrat%3Aregular%2C700|font_style:700%20bold%20regular%3A700%3Anormal&#8221; text_transform=&#8221;capitalize&#8221;][vc_empty_space height=&#8221;10px&#8221;][wyde_icon_block icon=&#8221;flora-icon-zigzag-2&#8243; size=&#8221;large&#8221; style=&#8221;none&#8221; color=&#8221;#ffd300&#8243;][vc_empty_space][vc_column_text]Witamy na li\u015bcie startowej SG Series 2025! Jeste\u015b o krok od wzi\u0119cia udzia\u0142u w jednym z najbardziej ekscytuj\u0105cych wydarze\u0144 gravelowych tego sezonu. SG Series to seria \u0142\u0105cz\u0105ca w sobie zar\u00f3wno dynamiczne wyzwania rowerowe, jak i niezapomnian\u0105 atmosfer\u0119 rywalizacji.[\/vc_column_text][\/vc_column][\/vc_row][vc_row row_style=&#8221;full-width&#8221; vertical_align=&#8221;middle&#8221; padding_size=&#8221;no-padding&#8221;][vc_column background_color=&#8221;#B9FF00&#8243; width=&#8221;1\/3&#8243;][vc_empty_space][wyde_info_box title=&#8221;LISTA STARTOWA 2025&#8243; icon_set=&#8221;fontawesome&#8221; icon_fontawesome=&#8221;fa fa-list-ol&#8221; icon_size=&#8221;large&#8221; animation_delay=&#8221;0.6&#8243; animation=&#8221;bounceIn&#8221; link=&#8221;url:https%3A%2F%2Fsgseries.com%2Findex.php%2Flista-startowa-sgs-2025%2F|title:ZOBACZ|target:_blank&#8221;]Przejd\u017a do listy startowej SGS 2025[\/wyde_info_box][vc_empty_space][\/vc_column][vc_column text_style=&#8221;light&#8221; background_color=&#8221;#8C0073&#8243; width=&#8221;1\/3&#8243;][vc_empty_space][wyde_info_box title=&#8221;LISTA WY\u015aCIG\u00d3W&#8221; icon_set=&#8221;fontawesome&#8221; icon_fontawesome=&#8221;fa fa-flag-checkered&#8221; icon_size=&#8221;large&#8221; animation_delay=&#8221;0.6&#8243; animation=&#8221;bounceIn&#8221; link=&#8221;url:https%3A%2F%2Fsgseries.com%2Findex.php%2Fwyscigi%2F|title:ZOBACZ|target:_blank&#8221;]Znajd\u017a co\u015b dla siebie &#8211; wybierz odpowiedni wy\u015bcig[\/wyde_info_box][vc_empty_space][\/vc_column][vc_column text_style=&#8221;light&#8221; background_color=&#8221;#013C70&#8243; width=&#8221;1\/3&#8243;][vc_empty_space][wyde_info_box title=&#8221;NIE MASZ PAKIETU?&#8221; icon_set=&#8221;fontawesome&#8221; icon_fontawesome=&#8221;fa fa-calendar&#8221; icon_size=&#8221;large&#8221; animation_delay=&#8221;0.6&#8243; animation=&#8221;bounceIn&#8221; link=&#8221;url:https%3A%2F%2Fproziakgravel.pl%2Fstrona-glowna%2F31-100-pakiet-startowy-proziak400.html%23%2F44-wybierz_wyscigi-lutowiska|title:KUP%20PAKIET&#8221;]Przejd\u017a do strony z zapisami[\/wyde_info_box][vc_empty_space][\/vc_column][\/vc_row]<\/p>\n<\/div>","protected":false},"excerpt":{"rendered":"<p>[vc_row row_style=&#8221;full-width&#8221; text_style=&#8221;light&#8221; vertical_align=&#8221;middle&#8221; padding_size=&#8221;no-padding&#8221; background_color=&#8221;#232323&#8243;][vc_column text_align=&#8221;center&#8221; padding_size=&#8221;no-padding&#8221; width=&#8221;1\/2&#8243;][vc_single_image image=&#8221;1680&#8243; alignment=&#8221;center&#8221;][\/vc_column][vc_column text_align=&#8221;center&#8221; padding_size=&#8221;l-padding&#8221; width=&#8221;1\/2&#8243; css=&#8221;.vc_custom_1436071798607{padding-top: 20px !important;padding-bottom: 20px !important;}&#8221;][vc_custom_heading text=&#8221;LISTA STARTOWA 2025&#8243; font_container=&#8221;tag:h2|text_align:center|color:%23ffffff&#8221; google_fonts=&#8221;font_family:Montserrat%3Aregular%2C700|font_style:700%20bold%20regular%3A700%3Anormal&#8221; text_transform=&#8221;capitalize&#8221;][vc_empty_space height=&#8221;10px&#8221;][wyde_icon_block icon=&#8221;flora-icon-zigzag-2&#8243; size=&#8221;large&#8221; style=&#8221;none&#8221; color=&#8221;#ffd300&#8243;][vc_empty_space][vc_column_text]Witamy na li\u015bcie startowej SG Series 2025! Jeste\u015b o krok od wzi\u0119cia udzia\u0142u w jednym z najbardziej ekscytuj\u0105cych wydarze\u0144 gravelowych tego sezonu. SG Series to seria [&hellip;]<\/p>\n","protected":false},"author":1,"featured_media":0,"parent":0,"menu_order":0,"comment_status":"open","ping_status":"closed","template":"","meta":{"footnotes":""},"class_list":["post-1675","page","type-page","status-publish","hentry"],"_links":{"self":[{"href":"https:\/\/sgseries.com\/index.php\/wp-json\/wp\/v2\/pages\/1675","targetHints":{"allow":["GET"]}}],"collection":[{"href":"https:\/\/sgseries.com\/index.php\/wp-json\/wp\/v2\/pages"}],"about":[{"href":"https:\/\/sgseries.com\/index.php\/wp-json\/wp\/v2\/types\/page"}],"author":[{"embeddable":true,"href":"https:\/\/sgseries.com\/index.php\/wp-json\/wp\/v2\/users\/1"}],"replies":[{"embeddable":true,"href":"https:\/\/sgseries.com\/index.php\/wp-json\/wp\/v2\/comments?post=1675"}],"version-history":[{"count":14,"href":"https:\/\/sgseries.com\/index.php\/wp-json\/wp\/v2\/pages\/1675\/revisions"}],"predecessor-version":[{"id":1696,"href":"https:\/\/sgseries.com\/index.php\/wp-json\/wp\/v2\/pages\/1675\/revisions\/1696"}],"wp:attachment":[{"href":"https:\/\/sgseries.com\/index.php\/wp-json\/wp\/v2\/media?parent=1675"}],"curies":[{"name":"wp","href":"https:\/\/api.w.org\/{rel}","templated":true}]}}