{"id":1565,"date":"2025-01-23T18:00:33","date_gmt":"2025-01-23T18:00:33","guid":{"rendered":"https:\/\/sgseries.com\/?page_id=1565"},"modified":"2025-04-09T12:38:16","modified_gmt":"2025-04-09T12:38:16","slug":"glogow","status":"publish","type":"page","link":"https:\/\/sgseries.com\/index.php\/glogow\/","title":{"rendered":"SGS G\u0141OG\u00d3W M\u0141P"},"content":{"rendered":"<div class=\"wpb-content-wrapper\"><p>[vc_row row_style=&#8221;full-width&#8221; text_style=&#8221;light&#8221; vertical_align=&#8221;middle&#8221; padding_size=&#8221;no-padding&#8221; background_color=&#8221;#232323&#8243;][vc_column text_align=&#8221;center&#8221; padding_size=&#8221;no-padding&#8221; width=&#8221;1\/2&#8243;][vc_single_image image=&#8221;1541&#8243; alignment=&#8221;center&#8221;][\/vc_column][vc_column text_style=&#8221;light&#8221; text_align=&#8221;center&#8221; padding_size=&#8221;l-padding&#8221; width=&#8221;1\/2&#8243; css=&#8221;.vc_custom_1737649616606{padding-top: 20px !important;padding-bottom: 20px !important;}&#8221;][vc_empty_space height=&#8221;10px&#8221;][vc_custom_heading text=&#8221;STADNINA KONI LE\u015aNA WOLA&#8221; font_container=&#8221;tag:h2|text_align:center|color:%23ffffff&#8221; google_fonts=&#8221;font_family:Montserrat%3Aregular%2C700|font_style:700%20bold%20regular%3A700%3Anormal&#8221; text_transform=&#8221;capitalize&#8221;][vc_empty_space height=&#8221;10px&#8221;][wyde_icon_block icon=&#8221;flora-icon-zigzag-2&#8243; size=&#8221;large&#8221; style=&#8221;none&#8221; color=&#8221;#ffd300&#8243;][vc_empty_space][vc_column_text]Stadnina Koni Le\u015bna Wola w Wysokiej G\u0142ogowskiej to malownicza i wyj\u0105tkowa lokalizacja, kt\u00f3ra b\u0119dzie go\u015bci\u0107 start i met\u0119 wy\u015bcig\u00f3w Subcarpathian Gravel Series (SGS). To miejsce pe\u0142ne spokoju, natury i pi\u0119knych krajobraz\u00f3w, idealnie wpisuj\u0105ce si\u0119 w atmosfer\u0119 gravelowych przyg\u00f3d. Stadnina otoczona jest lasami i \u0142\u0105kami, co nadaje temu miejscu niepowtarzalny urok i sprawia, \u017ce jest to doskona\u0142y punkt na rozpocz\u0119cie i zako\u0144czenie rywalizacji.[\/vc_column_text][\/vc_column][\/vc_row][vc_row row_style=&#8221;full-width&#8221; vertical_align=&#8221;middle&#8221; padding_size=&#8221;no-padding&#8221;][vc_column text_style=&#8221;light&#8221; background_color=&#8221;#594b4a&#8221; bg_image_url=&#8221;http:\/\/sgseries.com\/wp-content\/uploads\/2025\/01\/c3-150&#215;150.jpg&#8221; width=&#8221;1\/4&#8243; background_image=&#8221;1528&#8243;][vc_empty_space][wyde_info_box title=&#8221;INFORMACJE O TRASIE&#8221; icon_set=&#8221;fontawesome&#8221; icon_fontawesome=&#8221;fa fa-info-circle&#8221; icon_size=&#8221;large&#8221; animation_delay=&#8221;0.6&#8243; animation=&#8221;bounceIn&#8221;]<strong>Wysoka G\u0142ogowska 12.04.2025<br \/>\nDYSTANS<\/strong>: 95KM<br \/>\n<strong>PRZEWY\u017bSZENIA<\/strong>: 507M<br \/>\n<strong>START<\/strong>: 10:00<br \/>\n<strong>LIMIT CZASOWY<\/strong>: 6H[\/wyde_info_box][vc_empty_space][\/vc_column][vc_column text_style=&#8221;light&#8221; background_color=&#8221;#ffebba&#8221; bg_image_url=&#8221;http:\/\/sgseries.com\/wp-content\/uploads\/2025\/01\/c2-150&#215;150.jpg&#8221; width=&#8221;1\/4&#8243; background_image=&#8221;1527&#8243;][vc_empty_space][wyde_info_box title=&#8221;KUP PAKIET&#8221; icon_set=&#8221;fontawesome&#8221; icon_fontawesome=&#8221;fa fa-shopping-cart&#8221; icon_size=&#8221;large&#8221; animation_delay=&#8221;0.6&#8243; animation=&#8221;bounceIn&#8221; link=&#8221;url:https%3A%2F%2Fproziakgravel.pl%2Fstrona-glowna%2F31-99-pakiet-startowy-proziak400.html%23%2F42-wybierz_wyscigi-glogow_mlp|title:Zapisz%20si%C4%99&#8243;]Przejd\u017a do strony gdzie kupisz pakiety startowe na SGS G\u0142og\u00f3w M\u0142p.[\/wyde_info_box][vc_empty_space][\/vc_column][vc_column text_style=&#8221;light&#8221; background_color=&#8221;#ffd300&#8243; bg_image_url=&#8221;http:\/\/sgseries.com\/wp-content\/uploads\/2025\/01\/c4-150&#215;150.jpg&#8221; width=&#8221;1\/4&#8243; background_image=&#8221;1529&#8243;][vc_empty_space][wyde_info_box title=&#8221;NOCLEG&#8221; icon_set=&#8221;fontawesome&#8221; icon_fontawesome=&#8221;fa fa-bed&#8221; icon_size=&#8221;large&#8221; animation_delay=&#8221;0.6&#8243; animation=&#8221;bounceIn&#8221; link=&#8221;url:https%3A%2F%2Fwww.lesnawola.pl%2Fpokoje|title:KLIKNIJ&#8221;]Przejd\u017a do strony kontaktowej Stadniny Koni Le\u015bna Wola i zapytaj o miejsca noclegowe.[\/wyde_info_box][vc_empty_space][\/vc_column][vc_column text_style=&#8221;light&#8221; background_color=&#8221;#f5f4f2&#8243; bg_image_url=&#8221;http:\/\/sgseries.com\/wp-content\/uploads\/2025\/01\/c5-150&#215;150.jpg&#8221; width=&#8221;1\/4&#8243; background_image=&#8221;1530&#8243;][vc_empty_space][wyde_info_box title=&#8221;JAK DOJECHA\u0106&#8221; icon_set=&#8221;typicons&#8221; icon_typicons=&#8221;typcn typcn-location-arrow-outline&#8221; icon_size=&#8221;large&#8221; animation_delay=&#8221;0.6&#8243; animation=&#8221;bounceIn&#8221; link=&#8221;url:https%3A%2F%2Fmaps.app.goo.gl%2FP7rNUY7t6ZFNPujy6|title:KLIKNIJ&#8221;]Naci\u015bnij przycisk poni\u017cej i przenie\u015b si\u0119 do Google Maps[\/wyde_info_box][vc_empty_space][\/vc_column][\/vc_row][vc_row row_style=&#8221;full-width&#8221; vertical_align=&#8221;middle&#8221;][vc_column padding_size=&#8221;l-padding&#8221; width=&#8221;1\/2&#8243; css=&#8221;.vc_custom_1436071839677{padding-top: 20px !important;padding-bottom: 20px !important;}&#8221;][vc_empty_space][vc_custom_heading text=&#8221;POBIERZ TRACKA&#8221; font_container=&#8221;tag:p|font_size:24px|text_align:left|line_height:36px&#8221; google_fonts=&#8221;font_family:Lato%3A100%2C100italic%2C300%2C300italic%2Cregular%2Citalic%2C700%2C700italic%2C900%2C900italic|font_style:700%20bold%20regular%3A700%3Anormal&#8221; src=&#8221;&#8220;https:\/\/ridewithgps.com\/embeds?type=route&amp;id=49530538&amp;metricUnits=true&amp;sampleGraph=true&#8220;&#8221;][wyde_info_box title=&#8221;UWAGA! Trasa ma 470m przewy\u017cszenia na 107km!&#8221;]<iframe style=\"width: 1px; min-width: 100%; height: 700px; border: none;\" src=\"https:\/\/ridewithgps.com\/embeds?type=route&amp;id=50260985&amp;metricUnits=true&amp;sampleGraph=true\" scrolling=\"no\"><\/iframe>[\/wyde_info_box][\/vc_column][vc_column width=&#8221;1\/2&#8243;][vc_single_image image=&#8221;1553&#8243; alignment=&#8221;right&#8221; animation=&#8221;fadeInRight&#8221;][\/vc_column][\/vc_row]<\/p>\n<\/div>","protected":false},"excerpt":{"rendered":"<p>[vc_row row_style=&#8221;full-width&#8221; text_style=&#8221;light&#8221; vertical_align=&#8221;middle&#8221; padding_size=&#8221;no-padding&#8221; background_color=&#8221;#232323&#8243;][vc_column text_align=&#8221;center&#8221; padding_size=&#8221;no-padding&#8221; width=&#8221;1\/2&#8243;][vc_single_image image=&#8221;1541&#8243; alignment=&#8221;center&#8221;][\/vc_column][vc_column text_style=&#8221;light&#8221; text_align=&#8221;center&#8221; padding_size=&#8221;l-padding&#8221; width=&#8221;1\/2&#8243; css=&#8221;.vc_custom_1737649616606{padding-top: 20px !important;padding-bottom: 20px !important;}&#8221;][vc_empty_space height=&#8221;10px&#8221;][vc_custom_heading text=&#8221;STADNINA KONI LE\u015aNA WOLA&#8221; font_container=&#8221;tag:h2|text_align:center|color:%23ffffff&#8221; google_fonts=&#8221;font_family:Montserrat%3Aregular%2C700|font_style:700%20bold%20regular%3A700%3Anormal&#8221; text_transform=&#8221;capitalize&#8221;][vc_empty_space height=&#8221;10px&#8221;][wyde_icon_block icon=&#8221;flora-icon-zigzag-2&#8243; size=&#8221;large&#8221; style=&#8221;none&#8221; color=&#8221;#ffd300&#8243;][vc_empty_space][vc_column_text]Stadnina Koni Le\u015bna Wola w Wysokiej G\u0142ogowskiej to malownicza i wyj\u0105tkowa lokalizacja, kt\u00f3ra b\u0119dzie go\u015bci\u0107 start i met\u0119 wy\u015bcig\u00f3w Subcarpathian Gravel Series (SGS). [&hellip;]<\/p>\n","protected":false},"author":1,"featured_media":0,"parent":0,"menu_order":0,"comment_status":"open","ping_status":"closed","template":"","meta":{"footnotes":""},"class_list":["post-1565","page","type-page","status-publish","hentry"],"_links":{"self":[{"href":"https:\/\/sgseries.com\/index.php\/wp-json\/wp\/v2\/pages\/1565","targetHints":{"allow":["GET"]}}],"collection":[{"href":"https:\/\/sgseries.com\/index.php\/wp-json\/wp\/v2\/pages"}],"about":[{"href":"https:\/\/sgseries.com\/index.php\/wp-json\/wp\/v2\/types\/page"}],"author":[{"embeddable":true,"href":"https:\/\/sgseries.com\/index.php\/wp-json\/wp\/v2\/users\/1"}],"replies":[{"embeddable":true,"href":"https:\/\/sgseries.com\/index.php\/wp-json\/wp\/v2\/comments?post=1565"}],"version-history":[{"count":8,"href":"https:\/\/sgseries.com\/index.php\/wp-json\/wp\/v2\/pages\/1565\/revisions"}],"predecessor-version":[{"id":1802,"href":"https:\/\/sgseries.com\/index.php\/wp-json\/wp\/v2\/pages\/1565\/revisions\/1802"}],"wp:attachment":[{"href":"https:\/\/sgseries.com\/index.php\/wp-json\/wp\/v2\/media?parent=1565"}],"curies":[{"name":"wp","href":"https:\/\/api.w.org\/{rel}","templated":true}]}}